{"id":6275,"date":"2024-03-08T00:13:30","date_gmt":"2024-03-08T00:13:30","guid":{"rendered":"https:\/\/lagoulette.globalcruiseports.com\/contact\/"},"modified":"2026-02-27T07:07:34","modified_gmt":"2026-02-27T07:07:34","slug":"contactez","status":"publish","type":"page","link":"https:\/\/lagoulettecruiseport.com\/fr\/contactez\/","title":{"rendered":"Contactez"},"content":{"rendered":"\r\n\r\n<section class=\"section page page-bg-light \">\r\n\t<style>\r\n                .page-header-bg {\r\n                    background-image: url(https:\/\/lagoulettecruiseport.com\/wp-content\/uploads\/sites\/59\/2025\/04\/shutterstock_2547484447-scaled.jpg);\r\n                    background-size: cover;\r\n                    background-position: center;\r\n                }\r\n\t\t\t\t.hero-content{\r\n\t\t\t\t    top: 50%;\r\n    \t\t\t\tposition: absolute;\r\n    \t\t\t\ttransform: translateY(-50%);\r\n\t\t\t\t}\r\n              <\/style><div class=\"page-header-bg pr\">\t<div class=\"container w100\">\r\n\t\t<div class=\"row flex hero-content\">\r\n\t\t\t<div class=\"cl-12 page-header\">\r\n\t\t\t\t<h5>\r\n\t\t\t\tContactez\t\t\t\t<\/h5>\r\n\t\t\t\t<h1>Contactez-nous<\/h1>\r\n\t\t\t<\/div>\r\n\t\t<\/div>\r\n\t<\/div>\r\n\t<\/div>\r\n<\/section>\n\n<section class=\"section section-content-title page-bg-light\" id=\"page-bg-light\">\r\n\t<div class=\"container\">\r\n\t\t<div class=\"row flex align-i-center\">\r\n\t\t\t<div class=\"cl-5\">\r\n\t\t\t\t\t\t\t\t<h2>\r\n\t\t\t\t\tContactez-nous \t\t\t\t\t<br>\r\n\t\t\t\t\t<span class=\"primary-color\">pour toute r\u00e9clamation, suggestion ou autre<\/span>\r\n\t\t\t\t<\/h2>\r\n\t\t\t<\/div>\r\n\t\t\t<div class=\"cl-7\">\r\n\t\t\t\t<p class=\"grey-color\"><p class=\"p1\">Nous appr\u00e9cions vos commentaires et sommes l\u00e0 pour vous aider si vous avez des r\u00e9clamations, des suggestions ou des questions. Contactez notre \u00e9quipe et nous veillerons \u00e0 ce que vos pr\u00e9occupations soient trait\u00e9es rapidement. Vos commentaires nous aident \u00e0 nous am\u00e9liorer et \u00e0 vous offrir la meilleure exp\u00e9rience possible.<\/p><\/p>\r\n\t\t\t<\/div>\r\n\t\t<\/div>\r\n\t<\/div>\r\n<\/section>\r\n\n\n\r\n<section class=\"section section-contact-content page-bg-light\" id=\"contact-page-form\">\r\n\t<div class=\"container\">\r\n\t\t<div class=\"row flex align-i-start justify-c-center\">\r\n\t\t\t<div class=\"cl-5\">\r\n\t\t\t\t<div class=\"contact-content\">\r\n\t\t\t\t\t<h3>Contact au bureau<\/h3>\r\n\t\t\t\t\t<div class=\"d-flex flex-row m-b-20 f-s-18\"><strong class=\"lg-w-15\">ADDREESE: <\/strong><\/div>\r\n<div class=\"d-flex flex-row m-b-20 f-s-18\">Village Touristique, Port La Goulette\r\n2060 La Goulette- Tunisia<\/div>\r\n&nbsp;\r\n<div class=\"d-flex flex-row m-b-20 f-s-18\"><strong class=\"lg-w-15\">E-MA\u0130L:\u00a0 \u00a0 <\/strong><strong>\u00a0<\/strong><\/div>\r\n<div class=\"d-flex flex-row m-b-20 f-s-18\">Administration \u00a0<strong>\u00a0<\/strong><\/div>\r\n<div class=\"d-flex flex-row m-b-20 f-s-18\"><strong><a class=\"primary-color\" href=\"mailto:info@lagoulettecruiseport.com\" target=\"_blank\" rel=\"noopener\">info@lagoulettecruiseport.com<\/a><\/strong><\/div>\r\n<div class=\"d-flex flex-row m-b-20 f-s-18\">Espaces et \u00e9v\u00e9nements:<strong>\u00a0<\/strong><\/div>\r\n<div class=\"d-flex flex-row m-b-20 f-s-18\"><strong><a class=\"primary-color\" href=\"mailto:info@lagoulettecruiseport.com\" target=\"_blank\" rel=\"noopener\">info@lagoulettecruiseport.com<\/a><\/strong><\/div>\r\n&nbsp;\r\n<div class=\"d-flex flex-row m-b-20 f-s-18\"><strong class=\"lg-w-15\">T\u00e9l\u00e9phone : \u00a0\u00a0 \u00a0<\/strong><\/div>\r\n<div class=\"d-flex flex-row m-b-20 f-s-18\"><strong><a class=\"primary-color\" href=\"tel: (+216) 71737610\">+216 71 737 610<\/a><\/strong><\/div>\r\n&nbsp;\t\t\t\t<\/div>\r\n\t\t\t\t<div class=\"contact-content\">\r\n\t\t\t\t\t<h3>Contact d&rsquo;urgence<\/h3>\r\n\t\t\t\t\t<strong>Op\u00e9rations <\/strong><i><\/i>\r\n<strong>Directeur des op\u00e9rations Zied Toumi <\/strong>\r\n\r\n<strong>T\u00e9l\u00e9phone:\u00a0<\/strong>\r\n\r\n<strong><a class=\"primary-color\" href=\"tel:+21626160170\">+216 26 160 170<\/a>\u00a0 \u00a0<\/strong>\t\t\t\t<\/div>\r\n\t\t\t<\/div>\r\n\t\t\t<div class=\"cl-7\">\r\n\t\t\t\t<div class=\"contact-form\">\r\n\t\t\t\t\t<div class=\"contact-form-header\">\r\n\t\t\t\t\t\t<h3>Contactez-nous<\/h3>\r\n\t\t\t\t\t\t<p>Pour toute question concernant le port, nos services, nos partenariats ou tout autre sujet, contactez-nous par t\u00e9l\u00e9phone ou par e-mail. Nous sommes l\u00e0 pour vous aider.<\/p>\r\n\t\t\t\t\t<\/div>\r\n\t\t\t\t\t\n<div class=\"wpcf7 no-js\" id=\"wpcf7-f6679-o1\" lang=\"fr-FR\" dir=\"ltr\" data-wpcf7-id=\"6679\">\n<div class=\"screen-reader-response\"><p role=\"status\" aria-live=\"polite\" aria-atomic=\"true\"><\/p> <ul><\/ul><\/div>\n<form action=\"\/fr\/wp-json\/wp\/v2\/pages\/6275#wpcf7-f6679-o1\" method=\"post\" class=\"wpcf7-form init\" aria-label=\"Formulaire de contact\" novalidate=\"novalidate\" data-status=\"init\">\n<fieldset class=\"hidden-fields-container\"><input type=\"hidden\" name=\"_wpcf7\" value=\"6679\" \/><input type=\"hidden\" name=\"_wpcf7_version\" value=\"6.1.5\" \/><input type=\"hidden\" name=\"_wpcf7_locale\" value=\"fr_FR\" \/><input type=\"hidden\" name=\"_wpcf7_unit_tag\" value=\"wpcf7-f6679-o1\" \/><input type=\"hidden\" name=\"_wpcf7_container_post\" value=\"0\" \/><input type=\"hidden\" name=\"_wpcf7_posted_data_hash\" value=\"\" \/><input type=\"hidden\" name=\"_wpcf7_recaptcha_response\" value=\"\" \/>\n<\/fieldset>\n<div class=\"row flex form-group\">\n\t<div class=\"cl-6\">\n\t\t<p><span class=\"wpcf7-form-control-wrap\" data-name=\"form-name\"><input size=\"40\" maxlength=\"400\" class=\"wpcf7-form-control wpcf7-text wpcf7-validates-as-required\" aria-required=\"true\" aria-invalid=\"false\" placeholder=\"Pr\u00e9nom\" value=\"\" type=\"text\" name=\"form-name\" \/><\/span>\n\t\t<\/p>\n\t<\/div>\n\t<div class=\"cl-6\">\n\t\t<p><span class=\"wpcf7-form-control-wrap\" data-name=\"form-surname\"><input size=\"40\" maxlength=\"400\" class=\"wpcf7-form-control wpcf7-text wpcf7-validates-as-required\" aria-required=\"true\" aria-invalid=\"false\" placeholder=\"Nom\" value=\"\" type=\"text\" name=\"form-surname\" \/><\/span>\n\t\t<\/p>\n\t<\/div>\n<\/div>\n<div class=\"row flex form-group\">\n\t<div class=\"cl-6\">\n\t\t<p><span class=\"wpcf7-form-control-wrap\" data-name=\"form-email\"><input size=\"40\" maxlength=\"400\" class=\"wpcf7-form-control wpcf7-email wpcf7-validates-as-required wpcf7-text wpcf7-validates-as-email\" aria-required=\"true\" aria-invalid=\"false\" placeholder=\"Adresse e-mail\" value=\"\" type=\"email\" name=\"form-email\" \/><\/span>\n\t\t<\/p>\n\t<\/div>\n\t<div class=\"cl-6\">\n\t\t<p><span class=\"wpcf7-form-control-wrap\" data-name=\"form-phone\"><input size=\"40\" maxlength=\"400\" class=\"wpcf7-form-control wpcf7-tel wpcf7-validates-as-required wpcf7-text wpcf7-validates-as-tel\" aria-required=\"true\" aria-invalid=\"false\" placeholder=\"Num\u00e9ro de t\u00e9l\u00e9phone\" value=\"\" type=\"tel\" name=\"form-phone\" \/><\/span>\n\t\t<\/p>\n\t<\/div>\n<\/div>\n<div class=\"row flex form-group\">\n\t<div class=\"cl-12\">\n\t\t<p><span class=\"wpcf7-form-control-wrap\" data-name=\"form-subject\"><select class=\"wpcf7-form-control wpcf7-select wpcf7-validates-as-required\" aria-required=\"true\" aria-invalid=\"false\" name=\"form-subject\"><option value=\"Objet\">Objet<\/option><option value=\"Port\">Port<\/option><option value=\"Services de croisi\u00e8re\">Services de croisi\u00e8re<\/option><option value=\"Services portuaires\">Services portuaires<\/option><option value=\"Services d&#039;\u00e9quipage\">Services d&#039;\u00e9quipage<\/option><\/select><\/span>\n\t\t<\/p>\n\t<\/div>\n<\/div>\n<div class=\"row flex form-group\">\n\t<div class=\"cl-12\">\n\t\t<p><span class=\"wpcf7-form-control-wrap\" data-name=\"form-message\"><textarea cols=\"40\" rows=\"10\" maxlength=\"2000\" class=\"wpcf7-form-control wpcf7-textarea\" aria-invalid=\"false\" placeholder=\"Messages\" name=\"form-message\"><\/textarea><\/span>\n\t\t<\/p>\n\t<\/div>\n<\/div>\n<div class=\"row flex form-group\">\n\t<div class=\"cl-7\">\n\t\t<p><span class=\"wpcf7-form-control-wrap\" data-name=\"form-acceptance\"><span class=\"wpcf7-form-control wpcf7-acceptance\"><span class=\"wpcf7-list-item\"><label><input type=\"checkbox\" name=\"form-acceptance\" value=\"1\" aria-invalid=\"false\" \/><span class=\"wpcf7-list-item-label\">En cliquant, vous reconnaissez et acceptez que vos donn\u00e9es personnelles soient trait\u00e9es de mani\u00e8re s\u00e9curis\u00e9e et utilis\u00e9es exclusivement aux fins d\u00e9crites dans la d\u00e9claration de confidentialit\u00e9, y compris pour recevoir des communications marketing et promotionnelles. Vous avez le droit de retirer votre consentement ou de mettre \u00e0 jour vos pr\u00e9f\u00e9rences \u00e0 tout moment.<\/span><\/label><\/span><\/span><\/span>\n\t\t<\/p>\n\t<\/div>\n\t<div class=\"cl-5\">\n\t\t<p><input class=\"wpcf7-form-control wpcf7-submit has-spinner primary-bg-color\" type=\"submit\" value=\"ENVOYER\" \/>\n\t\t<\/p>\n\t<\/div>\n<\/div><div class=\"wpcf7-response-output\" aria-hidden=\"true\"><\/div>\n<\/form>\n<\/div>\n\t\t\t\t<\/div>\r\n\t\t\t<\/div>\r\n\t\t<\/div>\r\n\t<\/div>\r\n<\/section>\r\n\n\n\r\n<style>\r\n\t.section-contact .page-header-bg {\r\n\t\tbackground-image: url(https:\/\/lagoulettecruiseport.com\/wp-content\/uploads\/sites\/59\/2024\/03\/useful-communication.jpg);\r\n\t}\r\n<\/style>\r\n\r\n<section class=\"section section-contact page page-bg-light \">\r\n\t<div class=\"page-header-bg flex align-i-center justify-c-start\">\r\n\t\t<div class=\"container w100\">\r\n\t\t\t<div class=\"row flex\">\r\n\t\t\t\t<div class=\"cl-12 page-header\">\r\n\t\t\t\t\t<h1>Num\u00e9ros importants<\/h1>\r\n\t\t\t\t\t<p>Consultez cette liste pour contacter notre \u00e9quipe et nos partenaires portuaires afin d&rsquo;obtenir de l&rsquo;aide.<\/p>\r\n\t\t\t\t<\/div>\r\n\t\t\t<\/div>\r\n\t\t<\/div>\r\n\t<\/div>\r\n\t<div class=\"page-content-wrapper\">\r\n\t\t<div class=\"container\">\r\n\t\t\t<div class=\"row flex align-i-center justify-c-center\">\r\n\t\t\t\t<div class=\"cl-10\">\r\n\t\t\t\t\t<div class=\"page-bg-white\">\r\n\t\t\t\t\t\t<div class=\"section-contact-useful-communication accordion accordion-ii\">\r\n\t\t\t\t\t\t\t\t\t\t\t\t\t\t\t<div class=\"accordion-header accordion-header-sm black-arrow active first-item\">\r\n\t\t\t\t\t\t\t\t\t<div class=\"row flex\">\r\n\t\t\t\t\t\t\t\t\t\t<div class=\"cl-12\">\r\n\t\t\t\t\t\t\t\t\t\t\tContacts d&rsquo;urgence\t\t\t\t\t\t\t\t\t\t<\/div>\r\n\t\t\t\t\t\t\t\t\t<\/div>\r\n\t\t\t\t\t\t\t\t<\/div>\r\n\t\t\t\t\t\t\t\t<div class=\"desktop-accordion-content accordion-content active\">\r\n\t\t\t\t\t\t\t\t\t<div class=\"row flex\">\r\n\t\t\t\t\t\t\t\t\t\t<div class=\"cl-12 accordion-content-light\">\r\n\t\t\t\t\t\t\t\t\t\t\t\t\t\t\t\t\t\t\t\t\t\t\t<div class=\"section-contact-useful-communication-tab-item\">\r\n\t\t\t\t\t\t\t\t\t\t\t\t\t<span class=\"title\">Police<\/span>\r\n\t\t\t\t\t\t\t\t\t\t\t\t\t<span class=\"content\"><p>197<\/p>\n<\/span>\r\n\t\t\t\t\t\t\t\t\t\t\t\t<\/div>\r\n\t\t\t\t\t\t\t\t\t\t\t\t\t\t\t\t\t\t\t\t\t\t\t<div class=\"section-contact-useful-communication-tab-item\">\r\n\t\t\t\t\t\t\t\t\t\t\t\t\t<span class=\"title\">EMS (Emergency Medical Services) <\/span>\r\n\t\t\t\t\t\t\t\t\t\t\t\t\t<span class=\"content\"><p>190<\/p>\n<\/span>\r\n\t\t\t\t\t\t\t\t\t\t\t\t<\/div>\r\n\t\t\t\t\t\t\t\t\t\t\t\t\t\t\t\t\t\t\t\t\t\t\t<div class=\"section-contact-useful-communication-tab-item\">\r\n\t\t\t\t\t\t\t\t\t\t\t\t\t<span class=\"title\">Pompiers<\/span>\r\n\t\t\t\t\t\t\t\t\t\t\t\t\t<span class=\"content\"><p>198<\/p>\n<\/span>\r\n\t\t\t\t\t\t\t\t\t\t\t\t<\/div>\r\n\t\t\t\t\t\t\t\t\t\t\t\t\t\t\t\t\t\t\t\t\t<\/div>\r\n\t\t\t\t\t\t\t\t\t<\/div>\r\n\t\t\t\t\t\t\t\t<\/div>\r\n\t\t\t\t\t\t\t\t\t\t\t\t\t\t\t<div class=\"accordion-header accordion-header-sm black-arrow \">\r\n\t\t\t\t\t\t\t\t\t<div class=\"row flex\">\r\n\t\t\t\t\t\t\t\t\t\t<div class=\"cl-12\">\r\n\t\t\t\t\t\t\t\t\t\t\tContacts importants\t\t\t\t\t\t\t\t\t\t<\/div>\r\n\t\t\t\t\t\t\t\t\t<\/div>\r\n\t\t\t\t\t\t\t\t<\/div>\r\n\t\t\t\t\t\t\t\t<div class=\"desktop-accordion-content accordion-content \">\r\n\t\t\t\t\t\t\t\t\t<div class=\"row flex\">\r\n\t\t\t\t\t\t\t\t\t\t<div class=\"cl-12 accordion-content-light\">\r\n\t\t\t\t\t\t\t\t\t\t\t\t\t\t\t\t\t\t\t\t\t\t\t<div class=\"section-contact-useful-communication-tab-item\">\r\n\t\t\t\t\t\t\t\t\t\t\t\t\t<span class=\"title\">La Municipalit\u00e9 de La Goulette<\/span>\r\n\t\t\t\t\t\t\t\t\t\t\t\t\t<span class=\"content\"><p>+216 71 735 580<\/p>\n<\/span>\r\n\t\t\t\t\t\t\t\t\t\t\t\t<\/div>\r\n\t\t\t\t\t\t\t\t\t\t\t\t\t\t\t\t\t\t\t\t\t\t\t<div class=\"section-contact-useful-communication-tab-item\">\r\n\t\t\t\t\t\t\t\t\t\t\t\t\t<span class=\"title\">OMMP (Merchant Marine and Ports Office) <\/span>\r\n\t\t\t\t\t\t\t\t\t\t\t\t\t<span class=\"content\"><p>+216 71 735 300<\/p>\n<\/span>\r\n\t\t\t\t\t\t\t\t\t\t\t\t<\/div>\r\n\t\t\t\t\t\t\t\t\t\t\t\t\t\t\t\t\t\t\t\t\t\t\t<div class=\"section-contact-useful-communication-tab-item\">\r\n\t\t\t\t\t\t\t\t\t\t\t\t\t<span class=\"title\">La Goulette Police Station<\/span>\r\n\t\t\t\t\t\t\t\t\t\t\t\t\t<span class=\"content\"><p>+216 71 736 524<\/p>\n<\/span>\r\n\t\t\t\t\t\t\t\t\t\t\t\t<\/div>\r\n\t\t\t\t\t\t\t\t\t\t\t\t\t\t\t\t\t\t\t\t\t<\/div>\r\n\t\t\t\t\t\t\t\t\t<\/div>\r\n\t\t\t\t\t\t\t\t<\/div>\r\n\t\t\t\t\t\t\t\t\t\t\t\t\t\t\t<div class=\"accordion-header accordion-header-sm black-arrow \">\r\n\t\t\t\t\t\t\t\t\t<div class=\"row flex\">\r\n\t\t\t\t\t\t\t\t\t\t<div class=\"cl-12\">\r\n\t\t\t\t\t\t\t\t\t\t\tServices de sant\u00e9 et des h\u00f4pitaux de La Goulette\t\t\t\t\t\t\t\t\t\t<\/div>\r\n\t\t\t\t\t\t\t\t\t<\/div>\r\n\t\t\t\t\t\t\t\t<\/div>\r\n\t\t\t\t\t\t\t\t<div class=\"desktop-accordion-content accordion-content \">\r\n\t\t\t\t\t\t\t\t\t<div class=\"row flex\">\r\n\t\t\t\t\t\t\t\t\t\t<div class=\"cl-12 accordion-content-light\">\r\n\t\t\t\t\t\t\t\t\t\t\t\t\t\t\t\t\t\t\t\t\t\t\t<div class=\"section-contact-useful-communication-tab-item\">\r\n\t\t\t\t\t\t\t\t\t\t\t\t\t<span class=\"title\">Hopital Regional Kheireddine<\/span>\r\n\t\t\t\t\t\t\t\t\t\t\t\t\t<span class=\"content\"><p><span data-sheets-root=\"1\">+216 71 731 860<\/span><\/p>\n<\/span>\r\n\t\t\t\t\t\t\t\t\t\t\t\t<\/div>\r\n\t\t\t\t\t\t\t\t\t\t\t\t\t\t\t\t\t\t\t\t\t\t\t<div class=\"section-contact-useful-communication-tab-item\">\r\n\t\t\t\t\t\t\t\t\t\t\t\t\t<span class=\"title\">H\u00f4pital Mongi Slim<\/span>\r\n\t\t\t\t\t\t\t\t\t\t\t\t\t<span class=\"content\"><p><span data-sheets-root=\"1\">+216 71 764 325<\/span><\/p>\n<\/span>\r\n\t\t\t\t\t\t\t\t\t\t\t\t<\/div>\r\n\t\t\t\t\t\t\t\t\t\t\t\t\t\t\t\t\t\t\t\t\t\t\t<div class=\"section-contact-useful-communication-tab-item\">\r\n\t\t\t\t\t\t\t\t\t\t\t\t\t<span class=\"title\">L&rsquo;h\u00f4pital Charles-Nicolle<\/span>\r\n\t\t\t\t\t\t\t\t\t\t\t\t\t<span class=\"content\"><p><span data-sheets-root=\"1\">+216 71 151 400<\/span><\/p>\n<\/span>\r\n\t\t\t\t\t\t\t\t\t\t\t\t<\/div>\r\n\t\t\t\t\t\t\t\t\t\t\t\t\t\t\t\t\t\t\t\t\t\t\t<div class=\"section-contact-useful-communication-tab-item\">\r\n\t\t\t\t\t\t\t\t\t\t\t\t\t<span class=\"title\">H\u00f4pital La Rabta<\/span>\r\n\t\t\t\t\t\t\t\t\t\t\t\t\t<span class=\"content\"><p><span data-sheets-root=\"1\">+216 71 262 083<\/span><\/p>\n<\/span>\r\n\t\t\t\t\t\t\t\t\t\t\t\t<\/div>\r\n\t\t\t\t\t\t\t\t\t\t\t\t\t\t\t\t\t\t\t\t\t<\/div>\r\n\t\t\t\t\t\t\t\t\t<\/div>\r\n\t\t\t\t\t\t\t\t<\/div>\r\n\t\t\t\t\t\t\t\t\t\t\t\t\t<\/div>\r\n\t\t\t\t\t<\/div>\r\n\t\t\t\t<\/div>\r\n\t\t\t<\/div>\r\n\t\t<\/div>\r\n\t<\/div>\r\n<\/section>\r\n\r\n\r\n\r\n<script>\r\n\tdocument.addEventListener(\"DOMContentLoaded\", function() {\r\n\t\tif (window.innerWidth <= 600) {\r\n\t\t\tdocument.querySelectorAll(\".accordion\").forEach(function(accordion) {\r\n\t\t\t\tconst headers = accordion.querySelectorAll(\".accordion-header\");\r\n\t\t\t\tlet contents = accordion.querySelectorAll(\".desktop-accordion-content\");\r\n\t\t\t\theaders.forEach((header, index) => {\r\n\t\t\t\t\theader.addEventListener(\"click\", function() {\r\n\t\t\t\t\t\tif (contents[index].classList.contains(\"active\")) {\r\n\t\t\t\t\t\t\tcontents[index].classList.remove(\"active\");\r\n\t\t\t\t\t\t\theader.classList.remove(\"active\");\r\n\t\t\t\t\t\t} else {\r\n\t\t\t\t\t\t\tcontents.forEach((c) => c.classList.remove(\"active\"));\r\n\t\t\t\t\t\t\theaders.forEach((h) => h.classList.remove(\"active\"));\r\n\t\t\t\t\t\t\tcontents[index].classList.add(\"active\");\r\n\t\t\t\t\t\t\theader.classList.add(\"active\");\r\n\t\t\t\t\t\t}\r\n\t\t\t\t\t});\r\n\t\t\t\t});\r\n\t\t\t});\r\n\t\t}\r\n\t});\r\n<\/script>","protected":false},"excerpt":{"rendered":"","protected":false},"author":1,"featured_media":0,"parent":0,"menu_order":7,"comment_status":"closed","ping_status":"closed","template":"","meta":{"_acf_changed":false,"footnotes":""},"class_list":["post-6275","page","type-page","status-publish","hentry"],"acf":[],"_links":{"self":[{"href":"https:\/\/lagoulettecruiseport.com\/fr\/wp-json\/wp\/v2\/pages\/6275","targetHints":{"allow":["GET"]}}],"collection":[{"href":"https:\/\/lagoulettecruiseport.com\/fr\/wp-json\/wp\/v2\/pages"}],"about":[{"href":"https:\/\/lagoulettecruiseport.com\/fr\/wp-json\/wp\/v2\/types\/page"}],"author":[{"embeddable":true,"href":"https:\/\/lagoulettecruiseport.com\/fr\/wp-json\/wp\/v2\/users\/1"}],"replies":[{"embeddable":true,"href":"https:\/\/lagoulettecruiseport.com\/fr\/wp-json\/wp\/v2\/comments?post=6275"}],"version-history":[{"count":12,"href":"https:\/\/lagoulettecruiseport.com\/fr\/wp-json\/wp\/v2\/pages\/6275\/revisions"}],"predecessor-version":[{"id":7773,"href":"https:\/\/lagoulettecruiseport.com\/fr\/wp-json\/wp\/v2\/pages\/6275\/revisions\/7773"}],"wp:attachment":[{"href":"https:\/\/lagoulettecruiseport.com\/fr\/wp-json\/wp\/v2\/media?parent=6275"}],"curies":[{"name":"wp","href":"https:\/\/api.w.org\/{rel}","templated":true}]}}