{"id":6312,"date":"2025-04-07T11:54:02","date_gmt":"2025-04-07T11:54:02","guid":{"rendered":"https:\/\/lagoulette.globalcruiseports.com\/hse\/"},"modified":"2026-02-27T06:59:16","modified_gmt":"2026-02-27T06:59:16","slug":"sse","status":"publish","type":"page","link":"https:\/\/lagoulettecruiseport.com\/fr\/sse\/","title":{"rendered":"Sant\u00e9, s\u00e9curit\u00e9 et environnement"},"content":{"rendered":"\r\n<style>\r\n.page-content-wrapper{\r\n\t\tz-index: 2;\t\r\n\t}\r\n<\/style>\r\n\r\n<section class=\"section page page-sustainability footer-space-pd page-bg-light  desktop-footer-space-pd hse-menu\">\r\n\t<style>\r\n                .page-header-bg {\r\n                    background-image: url(https:\/\/lagoulettecruiseport.com\/wp-content\/uploads\/sites\/59\/2025\/04\/HSE.png);\r\n                    background-size: cover;\r\n                    background-position: center;\r\n                }\r\n\t\t\t\t.hero-content{\r\n\t\t\t\t    top: 50%;\r\n    \t\t\t\tposition: absolute;\r\n    \t\t\t\ttransform: translateY(-50%);\r\n\t\t\t\t}\r\n              <\/style><div class=\"page-header-bg pr\">\t<div class=\"container w100\">\r\n\t\t<div class=\"row flex hero-content\">\r\n\t\t\t<div class=\"cl-12 page-header\">\r\n\t\t\t\t<h5 style=\"text-transform:uppercase;\">Sant\u00e9, s\u00e9curit\u00e9 et environnement<\/h5>\r\n\t\t\t\t<h1>Sant\u00e9, s\u00e9curit\u00e9 et environnement<\/h1>\r\n\t\t\t<\/div>\r\n\t\t<\/div>\r\n\t<\/div>\r\n\t<\/div>\r\n\t<div class=\"page-content-wrapper pr\">\r\n\t\t<div class=\"container\">\r\n\t\t\t<div class=\"row flex align-i-center justify-c-center\">\r\n\t\t\t\t<div class=\"cl-10\">\r\n\t\t\t\t\t<div class=\"page-bg-white\">\r\n\t\t\t\t\t\t<div class=\"row flex page-sub-menu\">\r\n\t\t\t\t\t\t\t<div class=\"cl-12\">\r\n\t\t\t\t\t\t\t\t<ul class=\"flex align-i-center justify-c-center\">\r\n\t\t\t\t\t\t\t\t\t\t\t\t\t\t\t\t\t\t\t<li id=\"tabButton1\"\r\n\t\t\t\t\t\t\t\t\t\t\tclass=\"tab-button current-menu-item\">\r\n\t\t\t\t\t\t\t\t\t\t\t<span\r\n\t\t\t\t\t\t\t\t\t\t\t\tonclick=\"showTab('tab1', 'tabButton1')\"> Sant\u00e9 et s\u00e9curit\u00e9 <\/span>\r\n\t\t\t\t\t\t\t\t\t\t<\/li>\r\n\t\t\t\t\t\t\t\t\t\t\t\t\t\t\t\t\t<\/ul>\r\n\t\t\t\t\t\t\t<\/div>\r\n\t\t\t\t\t\t<\/div>\r\n\t\t\t\t\t\t<div class=\"row flex\">\r\n\t\t\t\t\t\t\t<div class=\"cl-12\">\r\n\t\t\t\t\t\t\t\t\t\t\t\t\t\t\t\t\t<div id=\"tab1\"\r\n\t\t\t\t\t\t\t\t\t\tclass=\"tab-2-content active-tab\">\r\n\t\t\t\t\t\t\t\t\t\t<h3>Les personnes avant tout<\/h3>\n<p>La sant\u00e9 et la s\u00e9curit\u00e9 des personnes que nous servons, de nos employ\u00e9s, de nos partenaires portuaires et de notre communaut\u00e9 sont notre priorit\u00e9 absolue \u00e0 tout moment.<\/p>\n<p>Gr\u00e2ce \u00e0 notre programme de gestion de la sant\u00e9 et de la s\u00e9curit\u00e9 \u00a0\" Les personnes avant tout \"\u00a0, nous g\u00e9rons et d\u00e9veloppons nos efforts afin de garantir le respect des normes de s\u00e9curit\u00e9 les plus strictes \u00e0 tout moment.<\/p>\n<p>Nos domaines d&rsquo;intervention sont les suivants :<\/p>\n<ul>\n<li>Analyse du lieu de travail \u2013 Nous menons des enqu\u00eates de base sur le lieu de travail afin d&rsquo;identifier les risques existants ou potentiels en mati\u00e8re de s\u00e9curit\u00e9 et de sant\u00e9.<\/li>\n<li>Pr\u00e9vention et contr\u00f4le des risques \u2013 Nous corrigeons tous les risques actuels et potentiels en temps opportun gr\u00e2ce \u00e0 des techniques soigneusement \u00e9labor\u00e9es et \u00e0 des contr\u00f4les administratifs.<\/li>\n<li>Formation et participation des employ\u00e9s \u2013 Nous organisons r\u00e9guli\u00e8rement des sessions de formation et encourageons les employ\u00e9s \u00e0 participer \u00e0 la conception et \u00e0 la mise en \u0153uvre des protocoles de gestion de la s\u00e9curit\u00e9.<\/li>\n<li>Engagement de la direction \u2013 Nous veillons \u00e0 ce que la direction participe \u00e0 la mise en \u0153uvre, \u00e0 la communication et \u00e0 la r\u00e9vision des programmes de s\u00e9curit\u00e9.<\/li>\n<li>Communication avec les parties prenantes \u2013 Nous renfor\u00e7ons l&rsquo;efficacit\u00e9 des mesures de s\u00e9curit\u00e9 et de s\u00fbret\u00e9 sur le lieu de travail gr\u00e2ce \u00e0 une communication coh\u00e9rente, strat\u00e9gique et efficace de nos buts et objectifs.<\/li>\n<\/ul>\n<p>&nbsp;<\/p>\n<p>Pour plus d&rsquo;informations, veuillez contacter <strong><a class=\"primary-color\" href=\"mailto:info@lagoulettecruiseport.com\">info@lagoulettecruiseport.com<\/a><\/strong><\/p>\n\t\t\t\t\t\t\t\t\t\t\t\t\t\t\t\t\t\t\t\t\t<div class=\"tab-documents\">\r\n\t\t\t\t\t\t\t\t\t\t\t\t\t\t\t\t\t\t\t\t\t\t\t\t\t\t\t\t\t\t\t\t\t\t\t\t\t\t\t\t\t\t\t\t\t\t\t\t\t\t\t\t\t\t\t\t\t\t\t\t\t\t\t\t\t\t\t\t\t\t\t\t\t\t\t\t\t\t\t\t\t\t\t\t\t\t\t\t\t\t\t\t\t\t\t\t\t\t\t\t\t\t\t\t\t\t\t\t\t\t\t\t\t\t\t\t\t\t\t\t\t\t\t\t\t\t\t\t\t\t\t\t\t\t\t\t\t\t\t\t\t\t\t\t\t\t\t\t<\/div>\r\n\t\t\t\t\t\t\t\t\t\t\r\n\t\t\t\t\t\t\t\t\t<\/div>\r\n\t\t\t\t\t\t\t\t\t\t\t\t\t\t\t<\/div>\r\n\t\t\t\t\t\t<\/div>\r\n\t\t\t\t\t<\/div>\r\n\t\t\t\t<\/div>\r\n\t\t\t<\/div>\r\n\t\t<\/div>\r\n\t<\/div>\r\n<\/section>","protected":false},"excerpt":{"rendered":"","protected":false},"author":6,"featured_media":0,"parent":0,"menu_order":23,"comment_status":"closed","ping_status":"closed","template":"","meta":{"_acf_changed":false,"footnotes":""},"class_list":["post-6312","page","type-page","status-publish","hentry"],"acf":[],"_links":{"self":[{"href":"https:\/\/lagoulettecruiseport.com\/fr\/wp-json\/wp\/v2\/pages\/6312","targetHints":{"allow":["GET"]}}],"collection":[{"href":"https:\/\/lagoulettecruiseport.com\/fr\/wp-json\/wp\/v2\/pages"}],"about":[{"href":"https:\/\/lagoulettecruiseport.com\/fr\/wp-json\/wp\/v2\/types\/page"}],"author":[{"embeddable":true,"href":"https:\/\/lagoulettecruiseport.com\/fr\/wp-json\/wp\/v2\/users\/6"}],"replies":[{"embeddable":true,"href":"https:\/\/lagoulettecruiseport.com\/fr\/wp-json\/wp\/v2\/comments?post=6312"}],"version-history":[{"count":7,"href":"https:\/\/lagoulettecruiseport.com\/fr\/wp-json\/wp\/v2\/pages\/6312\/revisions"}],"predecessor-version":[{"id":7757,"href":"https:\/\/lagoulettecruiseport.com\/fr\/wp-json\/wp\/v2\/pages\/6312\/revisions\/7757"}],"wp:attachment":[{"href":"https:\/\/lagoulettecruiseport.com\/fr\/wp-json\/wp\/v2\/media?parent=6312"}],"curies":[{"name":"wp","href":"https:\/\/api.w.org\/{rel}","templated":true}]}}