{"id":6334,"date":"2024-03-10T15:14:41","date_gmt":"2024-03-10T15:14:41","guid":{"rendered":"https:\/\/lagoulette.globalcruiseports.com\/parking\/"},"modified":"2026-02-27T07:01:05","modified_gmt":"2026-02-27T07:01:05","slug":"parking","status":"publish","type":"page","link":"https:\/\/lagoulettecruiseport.com\/fr\/parking\/","title":{"rendered":"Parking"},"content":{"rendered":"\r\n<section class=\"section page page-bg-light  \">\r\n\t<style>\r\n                .page-header-bg {\r\n                    background-image: url(https:\/\/lagoulettecruiseport.com\/wp-content\/uploads\/sites\/59\/2025\/05\/DJI_0351-1-scaled.jpg);\r\n                    background-size: cover;\r\n                    background-position: center;\r\n                }\r\n\t\t\t\t.hero-content{\r\n\t\t\t\t    top: 50%;\r\n    \t\t\t\tposition: absolute;\r\n    \t\t\t\ttransform: translateY(-50%);\r\n\t\t\t\t}\r\n              <\/style><div class=\"page-header-bg pr\">\t<div class=\"container w100\">\r\n\t\t<div class=\"row flex hero-content\">\r\n\t\t\t<div class=\"cl-12 page-header\">\r\n\t\t\t\t<h5>Parking<\/h5>\r\n\t\t\t\t<h1>Parking<\/h1>\r\n\t\t\t<\/div>\r\n\t\t<\/div>\r\n\t<\/div>\r\n\t<\/div>\r\n<\/section>\r\n\r\n<section class=\"section mb-4\">\r\n\t<div class=\"schedule-container\">\r\n\t\t<div class=\"container\">\r\n\t\t\t<div class=\"row flex align-i-center justify-c-center\">\r\n\t\t\t\t<div class=\"cl-12\">\r\n\t\t\t\t\t<div class=\"\">\r\n\t\t\t\t\t\t<div class=\"row flex page-sub-menu\">\r\n\t\t\t\t\t\t\t<div class=\"cl-12\">\r\n\t\t\t\t\t\t\t\t<nav class=\"menu-class\"><ul id=\"menu-transportation-parking-french\" class=\"menu flex align-i-center justify-c-center\"><li id=\"menu-item-6520\" class=\"menu-item menu-item-type-post_type menu-item-object-page menu-item-6520\"><a href=\"https:\/\/lagoulettecruiseport.com\/fr\/transport\/\">Transport<\/a><\/li>\n<li id=\"menu-item-6521\" class=\"menu-item menu-item-type-post_type menu-item-object-page menu-item-6521\"><a href=\"https:\/\/lagoulettecruiseport.com\/fr\/parking\/\">Parking<\/a><\/li>\n<\/ul><\/nav>\t\t\t\t\t\t\t<\/div>\r\n\t\t\t\t\t\t<\/div>\r\n\t\t\t\t\t\t<div class=\"row flex align-i-center\">\r\n\t\t\t\t\t\t\t<div class=\"cl-5\">\r\n\t\t\t\t\t\t\t\t<h2>\r\n\t\t\t\t\t\t\t\t\tVotre aventure\t\t\t\t\t\t\t\t\t<br>\r\n\t\t\t\t\t\t\t\t\t<span class=\"primary-color\">commence ici<\/span>\r\n\t\t\t\t\t\t\t\t<\/h2>\r\n\t\t\t\t\t\t\t<\/div>\r\n\t\t\t\t\t\t\t<div class=\"cl-7\">\r\n\t\t\t\t\t\t\t\t<p class=\"grey-color\">Il est facile de se rendre \u00e0 La Goulette et d&rsquo;en repartir ! Que vous arriviez en voiture, en transports en commun ou par d&rsquo;autres moyens, vous trouverez des options de transport pratiques et de nombreuses places de stationnement pour vous garantir un voyage agr\u00e9able.<\/p>\r\n\t\t\t\t\t\t\t<\/div>\r\n\t\t\t\t\t\t<\/div>\r\n\t\t\t\t\t\t<div class=\"row flex parking-booking-wrapper align-i-center\">\r\n\t\t\t\t\t\t\t<div class=\"cl-4\">\r\n\t\t\t\t\t\t\t\t<h3>Parking au port de croisi\u00e8re de La Goulette<\/h3>\r\n\t\t\t\t\t\t\t\t<p><p>Bien que le port de croisi\u00e8re de La Goulette ne dispose pas actuellement de parking sur place pour les v\u00e9hicules priv\u00e9s, nous sommes heureux de mettre \u00e0 disposition des zones de stationnement r\u00e9serv\u00e9es aux bus Shorex (excursions \u00e0 terre) afin de garantir une exp\u00e9rience sans faille aux croisi\u00e9ristes.<\/p>\n<p> &nbsp;<\/p>\n<p>Pour ceux qui arrivent en voiture, des parkings publics sont disponibles \u00e0 quelques pas du terminal. <\/p>\n<\/p>\r\n\t\t\t\t\t\t\t\t\r\n\t\t\t\t\t\t\t<\/div>\r\n\t\t\t\t\t\t\t<div class=\"cl-7 offset-1\">\r\n\t\t\t\t\t\t\t\t<img decoding=\"async\" src=\"https:\/\/lagoulettecruiseport.com\/wp-content\/uploads\/sites\/59\/2025\/03\/parking-scaled.jpg\" class=\"w100\" alt=\"\" \/>\r\n\t\t\t\t\t\t\t<\/div>\r\n\t\t\t\t\t\t<\/div>\r\n\t\t\t\t\t<\/div>\r\n\t\t\t\t<\/div>\r\n\t\t\t<\/div>\r\n\t\t<\/div>\r\n\t<\/div>\r\n<\/section>\r\n\r\n\r\n\n\n\r\n<style>\r\n\t.section-social-responsibilities .page-header-bg {\r\n\t\tbackground-image: url('https:\/\/lagoulettecruiseport.com\/wp-content\/uploads\/sites\/59\/2024\/04\/parking-prices-bg.jpg');\r\n\t}\r\n<\/style>\r\n\r\n\n\n\n\n","protected":false},"excerpt":{"rendered":"","protected":false},"author":1,"featured_media":0,"parent":0,"menu_order":31,"comment_status":"closed","ping_status":"closed","template":"","meta":{"_acf_changed":false,"footnotes":""},"class_list":["post-6334","page","type-page","status-publish","hentry"],"acf":[],"_links":{"self":[{"href":"https:\/\/lagoulettecruiseport.com\/fr\/wp-json\/wp\/v2\/pages\/6334","targetHints":{"allow":["GET"]}}],"collection":[{"href":"https:\/\/lagoulettecruiseport.com\/fr\/wp-json\/wp\/v2\/pages"}],"about":[{"href":"https:\/\/lagoulettecruiseport.com\/fr\/wp-json\/wp\/v2\/types\/page"}],"author":[{"embeddable":true,"href":"https:\/\/lagoulettecruiseport.com\/fr\/wp-json\/wp\/v2\/users\/1"}],"replies":[{"embeddable":true,"href":"https:\/\/lagoulettecruiseport.com\/fr\/wp-json\/wp\/v2\/comments?post=6334"}],"version-history":[{"count":17,"href":"https:\/\/lagoulettecruiseport.com\/fr\/wp-json\/wp\/v2\/pages\/6334\/revisions"}],"predecessor-version":[{"id":7761,"href":"https:\/\/lagoulettecruiseport.com\/fr\/wp-json\/wp\/v2\/pages\/6334\/revisions\/7761"}],"wp:attachment":[{"href":"https:\/\/lagoulettecruiseport.com\/fr\/wp-json\/wp\/v2\/media?parent=6334"}],"curies":[{"name":"wp","href":"https:\/\/api.w.org\/{rel}","templated":true}]}}