{"id":6340,"date":"2025-03-13T12:47:20","date_gmt":"2025-03-13T12:47:20","guid":{"rendered":"https:\/\/lagoulette.globalcruiseports.com\/social-responsibility\/"},"modified":"2026-02-27T07:04:24","modified_gmt":"2026-02-27T07:04:24","slug":"responsabilite-sociale","status":"publish","type":"page","link":"https:\/\/lagoulettecruiseport.com\/fr\/responsabilite-sociale\/","title":{"rendered":"Responsabilit\u00e9 sociale"},"content":{"rendered":"\r\n\r\n<section\r\n    class=\"section page page-sustainability page-bg-light \">\r\n    <style>\r\n                .page-header-bg {\r\n                    background-image: url(https:\/\/lagoulettecruiseport.com\/wp-content\/uploads\/sites\/59\/2025\/05\/social-scaled.jpeg);\r\n                    background-size: cover;\r\n                    background-position: center;\r\n                }\r\n\t\t\t\t.hero-content{\r\n\t\t\t\t    top: 50%;\r\n    \t\t\t\tposition: absolute;\r\n    \t\t\t\ttransform: translateY(-50%);\r\n\t\t\t\t}\r\n              <\/style><div class=\"page-header-bg pr\">    <div class=\"container w100\">\r\n        <div class=\"row flex hero-content\">\r\n            <div class=\"cl-12 page-header\">\r\n                <h5>Responsabilit\u00e9 sociale<\/h5>\r\n                <h1>Responsabilit\u00e9 sociale<\/h1>\r\n                <p><span data-sheets-root=\"1\">D\u00e9couvrez comment nos efforts d&rsquo;engagement communautaire favorisent une croissance durable et ont un impact durable.<\/span><\/p>\n                \r\n\r\n                <style>\r\n                    a.cta {\r\n                        border-radius: 2rem;\r\n                        display: flex;\r\n                        align-items: center;\r\n                        width: fit-content;\r\n                        padding: 0.8rem 2.8rem 0.96rem 2.8rem;\r\n                        margin-top: 2rem;\r\n                        color: #fff;\r\n                    }\r\n\r\n                    .hero-content .page-header {\r\n                        display: flex;\r\n                        flex-direction: column;\r\n                        row-gap: 12px;\r\n                    }\r\n\r\n                    .page-header h5{\r\n                        margin-bottom: 0;\r\n                    }\r\n\r\n                    h5 {\r\n                        text-transform: uppercase;\r\n                    }\r\n\r\n                    .page-header p {\r\n                        max-width: 500px;\r\n                        color: #fff;\r\n                    }\r\n\r\n                    .cta:hover {\r\n                        padding-right: 2.8rem !important;\r\n                    }\r\n                <\/style>\r\n            <\/div>\r\n        <\/div>\r\n    <\/div>\r\n    <\/div>\r\n<\/section>\n\n<section class=\"section section-content-title \" id=\"\">\r\n\t<div class=\"container\">\r\n\t\t<div class=\"row flex align-i-center\">\r\n\t\t\t<div class=\"cl-5\">\r\n\t\t\t\t\t\t\t\t<h2>\r\n\t\t\t\t\tLe tourisme de croisi\u00e8re \t\t\t\t\t<br>\r\n\t\t\t\t\t<span class=\"primary-color\">pour un avenir meilleur<\/span>\r\n\t\t\t\t<\/h2>\r\n\t\t\t<\/div>\r\n\t\t\t<div class=\"cl-7\">\r\n\t\t\t\t<p class=\"grey-color\"><span data-sheets-root=\"1\">\u00c0 La Goulette, nous nous engageons \u00e0 renforcer les communaut\u00e9s, \u00e0 promouvoir le tourisme durable et \u00e0 favoriser une croissance responsable. Notre objectif est de cr\u00e9er une destination o\u00f9 les visiteurs et les habitants peuvent s&rsquo;\u00e9panouir, gr\u00e2ce \u00e0 l&rsquo;autonomisation \u00e9conomique, aux initiatives culturelles et \u00e0 la gestion responsable de l&rsquo;environnement.<\/span><\/p>\r\n\t\t\t<\/div>\r\n\t\t<\/div>\r\n\t<\/div>\r\n<\/section>\r\n\n\n<section class=\"section section-content-image \" id=\"\">\r\n\t<div class=\"container\">\r\n\t\t<div class=\"row flex align-i-center  flex-row-reverse \">\r\n\t\t\t<div class=\"cl-6\">\r\n\t\t\t\t<img decoding=\"async\" src=\"https:\/\/lagoulettecruiseport.com\/wp-content\/uploads\/sites\/59\/2025\/04\/shutterstock_2489916669-scaled.jpg\" class=\"w100\" alt=\"\" \/>\r\n\t\t\t<\/div>\r\n\t\t\t<div class=\"cl-1\">\r\n\t\t\t\t\r\n\t\t\t<\/div>\r\n\t\t\t<div class=\"cl-5\">\r\n\t\t\t\t<h3><\/h3>\r\n\t\t\t\t<p>Gr\u00e2ce \u00e0 des partenariats avec des entreprises locales, \u00e0 des programmes \u00e9ducatifs et \u00e0 des efforts de pr\u00e9servation du patrimoine, nous veillons \u00e0 ce que les retomb\u00e9es positives du tourisme de croisi\u00e8re se prolongent au-del\u00e0 d&rsquo;aujourd&rsquo;hui, laissant un h\u00e9ritage positif aux g\u00e9n\u00e9rations futures.<\/p>\n<p>&nbsp;<\/p>\n<p>Nous croyons au pouvoir de la collaboration et des pratiques commerciales \u00e9thiques pour susciter des changements significatifs. Avec nos partenaires, nous fa\u00e7onnons un avenir o\u00f9 le tourisme de croisi\u00e8re enrichit les vies, soutient les communaut\u00e9s et prot\u00e8ge notre environnement.<\/p>\n\t\t\t\t\t\t\t<\/div>\r\n\t\t<\/div>\r\n\t<\/div>\r\n<\/section>\r\n\n\n\r\n<style>\r\n    .section-social-responsibilities .page-header-bg {\r\n        background-image: url(https:\/\/lagoulettecruiseport.com\/wp-content\/uploads\/sites\/59\/2024\/03\/social-responsibilities.jpg);\r\n    }\r\n    .section-social-responsibilities-tab-item ul{\r\n        list-style: disc;\r\n    }\r\n\r\n    .section-social-responsibilities-tab-item ul li{\r\n        margin-left: 2rem;\r\n    }\r\n<\/style>\r\n\r\n\r\n<section\r\n    class=\"section section-social-responsibilities page page-bg-light \"\r\n    id=\"section-social-responsibilities\">\r\n    <div class=\"page-header-bg flex align-i-start justify-c-start\">\r\n        <div class=\"container w100\">\r\n            <div class=\"row flex\">\r\n                <div class=\"cl-12 page-header\">\r\n                    <h3>Responsabilit\u00e9 sociale<\/h3>\r\n                    <h1>Engag\u00e9s envers notre communaut\u00e9<\/h1>\r\n                    <p>Nous nous engageons \u00e0 renforcer les communaut\u00e9s, \u00e0 respecter des pratiques commerciales \u00e9thiques et \u00e0 cr\u00e9er un avenir positif pour tous. Gr\u00e2ce \u00e0 des projets significatifs, nous collaborons avec les passagers, les partenaires portuaires et les principales parties prenantes afin d&rsquo;avoir un impact durable.<\/p>\r\n                <\/div>\r\n            <\/div>\r\n        <\/div>\r\n    <\/div>\r\n    <div class=\"page-content-wrapper\">\r\n        <div class=\"container\">\r\n            <div class=\"row flex align-i-center justify-c-center\">\r\n                <div class=\"cl-10\">\r\n                    <div class=\"page-bg-white\">\r\n                        <div class=\"section-social-responsibilities-items accordion accordion-ii\">\r\n                                                                <div\r\n                                        class=\"accordion-header accordion-header-sm black-arrow active first-item\">\r\n                                        <div class=\"row flex\">\r\n                                            <div class=\"cl-12\">\r\n                                                Journ\u00e9e de nettoyage des c\u00f4tes                                            <\/div>\r\n                                        <\/div>\r\n                                    <\/div>\r\n                                    <div\r\n                                        class=\"desktop-accordion-content mobile-accordion-content accordion-content active\">\r\n                                        <div class=\"row flex\">\r\n                                            <div class=\"cl-12 accordion-content-light\">\r\n                                                <div class=\"section-social-responsibilities-tab-item\">\r\n                                                    <div class=\"row flex\">\r\n                                                        <div class=\"cl-7\">\r\n                                                            \n<p>Cette ann\u00e9e, l&rsquo;\u00e9quipe du port de croisi\u00e8re de La Goulette a fi\u00e8rement particip\u00e9 \u00e0 la Journ\u00e9e internationale du nettoyage des c\u00f4tes, une initiative mondiale d\u00e9di\u00e9e \u00e0 la pr\u00e9servation de nos oc\u00e9ans et de nos cours d&rsquo;eau. Cet \u00e9v\u00e9nement rassemble des b\u00e9n\u00e9voles de toute notre communaut\u00e9 afin de ramasser les d\u00e9chets sur les c\u00f4tes et de sensibiliser le public \u00e0 l&rsquo;importance de prot\u00e9ger nos \u00e9cosyst\u00e8mes marins.<\/p>\n\n\n\n<p>Au cours de nos activit\u00e9s de nettoyage, les membres de l&rsquo;\u00e9quipe et les b\u00e9n\u00e9voles de la communaut\u00e9 travaillent c\u00f4te \u00e0 c\u00f4te pour ramasser les d\u00e9chets, les r\u00e9pertorier et promouvoir des pratiques durables. Nous pensons que chaque d\u00e9chet ramass\u00e9 contribue non seulement \u00e0 embellir nos plages, mais aussi \u00e0 prot\u00e9ger la faune marine et \u00e0 assainir les oc\u00e9ans.<\/p>\n                                                        <\/div>\r\n                                                        <div class=\"cl-5\">\r\n                                                            <img decoding=\"async\"\r\n                                                                src=\"https:\/\/lagoulettecruiseport.com\/wp-content\/uploads\/sites\/59\/2025\/11\/coastal-cleanup-day.jpeg\" \/>\r\n                                                        <\/div>\r\n                                                    <\/div>\r\n                                                <\/div>\r\n                                            <\/div>\r\n                                        <\/div>\r\n                                    <\/div>\r\n                                                            <\/div>\r\n                    <\/div>\r\n                <\/div>\r\n            <\/div>\r\n        <\/div>\r\n    <\/div>\r\n<\/section>","protected":false},"excerpt":{"rendered":"","protected":false},"author":2,"featured_media":0,"parent":0,"menu_order":37,"comment_status":"closed","ping_status":"closed","template":"","meta":{"_acf_changed":false,"footnotes":""},"class_list":["post-6340","page","type-page","status-publish","hentry"],"acf":[],"_links":{"self":[{"href":"https:\/\/lagoulettecruiseport.com\/fr\/wp-json\/wp\/v2\/pages\/6340","targetHints":{"allow":["GET"]}}],"collection":[{"href":"https:\/\/lagoulettecruiseport.com\/fr\/wp-json\/wp\/v2\/pages"}],"about":[{"href":"https:\/\/lagoulettecruiseport.com\/fr\/wp-json\/wp\/v2\/types\/page"}],"author":[{"embeddable":true,"href":"https:\/\/lagoulettecruiseport.com\/fr\/wp-json\/wp\/v2\/users\/2"}],"replies":[{"embeddable":true,"href":"https:\/\/lagoulettecruiseport.com\/fr\/wp-json\/wp\/v2\/comments?post=6340"}],"version-history":[{"count":6,"href":"https:\/\/lagoulettecruiseport.com\/fr\/wp-json\/wp\/v2\/pages\/6340\/revisions"}],"predecessor-version":[{"id":7767,"href":"https:\/\/lagoulettecruiseport.com\/fr\/wp-json\/wp\/v2\/pages\/6340\/revisions\/7767"}],"wp:attachment":[{"href":"https:\/\/lagoulettecruiseport.com\/fr\/wp-json\/wp\/v2\/media?parent=6340"}],"curies":[{"name":"wp","href":"https:\/\/api.w.org\/{rel}","templated":true}]}}