{"id":6342,"date":"2024-02-11T22:57:56","date_gmt":"2024-02-11T22:57:56","guid":{"rendered":"https:\/\/lagoulette.globalcruiseports.com\/schedule\/"},"modified":"2026-02-27T07:01:28","modified_gmt":"2026-02-27T07:01:28","slug":"programme","status":"publish","type":"page","link":"https:\/\/lagoulettecruiseport.com\/fr\/programme\/","title":{"rendered":"Programme"},"content":{"rendered":"\r\n<section class=\"section page page-sustainability footer-space-pd page-bg-light \">\r\n\t<style>\r\n                .page-header-bg {\r\n                    background-image: url(https:\/\/lagoulettecruiseport.com\/wp-content\/uploads\/sites\/59\/2025\/05\/aa-scaled.jpg);\r\n                    background-size: cover;\r\n                    background-position: center;\r\n                }\r\n\t\t\t\t.hero-content{\r\n\t\t\t\t    top: 50%;\r\n    \t\t\t\tposition: absolute;\r\n    \t\t\t\ttransform: translateY(-50%);\r\n\t\t\t\t}\r\n              <\/style><div class=\"page-header-bg pr\">\t<div class=\"container w100\">\r\n\t\t<div class=\"row flex hero-content\">\r\n\t\t\t<div class=\"cl-12 page-header\">\r\n\t\t\t\t<h5>Programme<\/h5>\r\n\t\t\t\t<h1>Horaires des croisi\u00e8res<\/h1>\r\n\t\t\t<\/div>\r\n\t\t<\/div>\r\n\t<\/div>\r\n\t<\/div>\r\n\t<div class=\"schedule-container\">\r\n\t\t<div class=\"container\">\r\n\t\t\t<div class=\"row flex align-i-center justify-c-center\">\r\n\t\t\t\t<div class=\"cl-10\">\r\n\t\t\t\t\t<div class=\"\">\r\n\t\t\t\t\t\t<div class=\"row flex page-sub-menu\">\r\n\t\t\t\t\t\t\t<div class=\"cl-12\">\r\n\t\t\t\t\t\t\t\t<ul class=\"flex align-i-center justify-c-center schedule-tab-menu\">\r\n\t\t\t\t\t\t\t\t\t<li id=\"tabButton1\" class=\"tab-button current-menu-item schedule-cruise-tab\">\r\n\t\t\t\t\t\t\t\t\t\t<span onclick=\"showTab('tab1', 'tabButton1')\">\r\n\t\t\t\t\t\t\t\t\t\t\t<img decoding=\"async\" src=\"https:\/\/lagoulettecruiseport.com\/wp-content\/themes\/mbcglobalports\/assets\/img\/schedule-icon-i.svg\" alt=\"\" \/>\r\n\t\t\t\t\t\t\t\t\t\t\tHoraires des croisi\u00e8res\t\t\t\t\t\t\t\t\t\t<\/span>\r\n\t\t\t\t\t\t\t\t\t<\/li>\r\n\t\t\t\t\t\t\t\t<\/ul>\r\n\t\t\t\t\t\t\t<\/div>\r\n\t\t\t\t\t\t<\/div>\r\n\t\t\t\t\t\t<div class=\"row flex\">\r\n\t\t\t\t\t\t\t<div class=\"cl-12\">\r\n\t\t\t\t\t\t\t\t<div id=\"tab1\" class=\"tab-2-content active-tab\">\r\n\r\n\t\t\t\t\t\t\t\t\t<form id=\"cruiseSearchForm\">\r\n\t\t\t\t\t\t\t\t\t\t<div class=\"form-group\">\r\n\t\t\t\t\t\t\t\t\t\t\t<label for=\"fromDate\">\r\n\t\t\t\t\t\t\t\t\t\t\t\t\u00c0 partir du :<\/label>\r\n\t\t\t\t\t\t\t\t\t\t\t<input type=\"date\" value=\"\" id=\"fromDate\" name=\"fromDate\" required>\r\n\t\t\t\t\t\t\t\t\t\t<\/div>\r\n\t\t\t\t\t\t\t\t\t\t<div class=\"form-group\">\r\n\t\t\t\t\t\t\t\t\t\t\t<label for=\"toDate\">\r\n\t\t\t\t\t\t\t\t\t\t\t\tJusqu&#039;au :<\/label>\r\n\t\t\t\t\t\t\t\t\t\t\t<input type=\"date\" id=\"toDate\" value=\"\" name=\"toDate\" required>\r\n\t\t\t\t\t\t\t\t\t\t<\/div>\r\n\r\n\t\t\t\t\t\t\t\t\t\t<script>\r\n\t\t\t\t\t\t\t\t\t\t\tdocument.addEventListener('DOMContentLoaded', function() {\r\n\t\t\t\t\t\t\t\t\t\t\t\tvar today = new Date().toISOString().split('T')[0];\r\n\t\t\t\t\t\t\t\t\t\t\t\tdocument.getElementById('fromDate').setAttribute('min', today);\r\n\t\t\t\t\t\t\t\t\t\t\t\tdocument.getElementById('toDate').setAttribute('min', today);\r\n\t\t\t\t\t\t\t\t\t\t\t});\r\n\t\t\t\t\t\t\t\t\t\t<\/script>\r\n\r\n\t\t\t\t\t\t\t\t\t\t<div class=\"form-group\">\r\n\t\t\t\t\t\t\t\t\t\t\t<label for=\"cruiseLine\">\r\n\t\t\t\t\t\t\t\t\t\t\t\tCompagnie de croisi\u00e8re:<\/label>\r\n\r\n\t\t\t\t\t\t\t\t\t\t\t<select id=\"cruiseLine\" name=\"cruiseLine\" required>\r\n\t\t\t\t\t\t\t\t\t\t\t\t<option value=\"\" disabled selected>\r\n\t\t\t\t\t\t\t\t\t\t\t\t\tS\u00e9lectionner\t\t\t\t\t\t\t\t\t\t\t\t<\/option>\r\n\t\t\t\t\t\t\t\t\t\t\t\t<option value=\"all\" >\r\n\t\t\t\t\t\t\t\t\t\t\t\t\tTout\t\t\t\t\t\t\t\t\t\t\t\t<\/option>\r\n\t\t\t\t\t\t\t\t\t\t\t\t<option value=\"Ambassador Cruise Line\" >Ambassador Cruise Line<\/option><option value=\"Astro Ocean Cruises\" >Astro Ocean Cruises<\/option><option value=\"Atlas Ocean Voyages\" >Atlas Ocean Voyages<\/option><option value=\"Aurora Expeditions\" >Aurora Expeditions<\/option><option value=\"Azamara Club Cruises\" >Azamara Club Cruises<\/option><option value=\"Carnival Cruise Line\" >Carnival Cruise Line<\/option><option value=\"Club Med Cruises\" >Club Med Cruises<\/option><option value=\"Compagnie Fran\u00e7aise de Croisieres\" >Compagnie Fran\u00e7aise de Croisieres<\/option><option value=\"Corazul Cruceros\" >Corazul Cruceros<\/option><option value=\"Costa Cruises\" >Costa Cruises<\/option><option value=\"Crystal Cruises\" >Crystal Cruises<\/option><option value=\"Cunard Line\" >Cunard Line<\/option><option value=\"Emerald Cruises\" >Emerald Cruises<\/option><option value=\"Explora Journey\" >Explora Journey<\/option><option value=\"Exploris Expeditions &amp; Cruises\" >Exploris Expeditions &amp; Cruises<\/option><option value=\"Fred Olsen Cruise Lines\" >Fred Olsen Cruise Lines<\/option><option value=\"Grand Circle Travel  Inc\" >Grand Circle Travel  Inc<\/option><option value=\"Holland America Line\" >Holland America Line<\/option><option value=\"MSC Cruises\" >MSC Cruises<\/option><option value=\"Marella Cruises\" >Marella Cruises<\/option><option value=\"Noble Caledonia\" >Noble Caledonia<\/option><option value=\"North Star Cruises\" >North Star Cruises<\/option><option value=\"Norwegian Cruise Lines\" >Norwegian Cruise Lines<\/option><option value=\"Oceania Cruises\" >Oceania Cruises<\/option><option value=\"Other\" >Other<\/option><option value=\"P&amp;O Cruises\" >P&amp;O Cruises<\/option><option value=\"Peace Boat\" >Peace Boat<\/option><option value=\"Phoenix Reisen\" >Phoenix Reisen<\/option><option value=\"Plantours\" >Plantours<\/option><option value=\"Ponant\" >Ponant<\/option><option value=\"Princess Cruises\" >Princess Cruises<\/option><option value=\"Regent Seven Seas Cruises\" >Regent Seven Seas Cruises<\/option><option value=\"Ritz-Carlton\" >Ritz-Carlton<\/option><option value=\"Rivages du Monde\" >Rivages du Monde<\/option><option value=\"Saga Cruises\" >Saga Cruises<\/option><option value=\"Sea Cloud Cruises\" >Sea Cloud Cruises<\/option><option value=\"SeaDream Yacht Club\" >SeaDream Yacht Club<\/option><option value=\"Seabourn Cruise Line\" >Seabourn Cruise Line<\/option><option value=\"Silversea Cruises\" >Silversea Cruises<\/option><option value=\"Swan Hellenic Cruises\" >Swan Hellenic Cruises<\/option><option value=\"Victoria Cruise Lines\" >Victoria Cruise Lines<\/option><option value=\"Vidanta Cruises\" >Vidanta Cruises<\/option><option value=\"Viking Cruises\" >Viking Cruises<\/option>\t\t\t\t\t\t\t\t\t\t\t<\/select>\r\n\t\t\t\t\t\t\t\t\t\t<\/div>\r\n\t\t\t\t\t\t\t\t\t\t<div class=\"form-group\">\r\n\t\t\t\t\t\t\t\t\t\t\t<button type=\"button\" id=\"searchCruise\" class=\"primary-color\">\r\n\t\t\t\t\t\t\t\t\t\t\t\tRECHERCHER UNE CROISI\u00c8RE\t\t\t\t\t\t\t\t\t\t\t\t<svg xmlns=\"http:\/\/www.w3.org\/2000\/svg\" width=\"12.828\" height=\"12.829\" viewBox=\"0 0 12.828 12.829\" class=\"primary-stroke\">\r\n\t\t\t\t\t\t\t\t\t\t\t\t\t<g id=\"Icon_feather-arrow-up-right\" data-name=\"Icon feather-arrow-up-right\" transform=\"translate(-9.086 -9.086)\">\r\n\t\t\t\t\t\t\t\t\t\t\t\t\t\t<path id=\"Path_3\" data-name=\"Path 3\" d=\"M10.5,20.5l10-10\" fill=\"none\" class=\"primary-stroke\" stroke-linecap=\"round\" stroke-linejoin=\"round\" stroke-width=\"2\"><\/path>\r\n\t\t\t\t\t\t\t\t\t\t\t\t\t\t<path id=\"Path_4\" data-name=\"Path 4\" d=\"M10.5,10.5h10v10\" fill=\"none\" class=\"primary-stroke\" stroke-linecap=\"round\" stroke-linejoin=\"round\" stroke-width=\"2\"><\/path>\r\n\t\t\t\t\t\t\t\t\t\t\t\t\t<\/g>\r\n\t\t\t\t\t\t\t\t\t\t\t\t<\/svg>\r\n\t\t\t\t\t\t\t\t\t\t\t<\/button>\r\n\t\t\t\t\t\t\t\t\t\t<\/div>\r\n\t\t\t\t\t\t\t\t\t<\/form>\r\n\r\n\t\t\t\t\t\t\t\t\t<div class=\"page-schedule-cruise-schedule-starter\"><\/div>\r\n\t\t\t\t\t\t\t\t\t\r\n\t\t\t\t\t\t\t\t\t<div id=\"loader\" style=\"display:none;\">\r\n\t\t\t\t\t\t\t\t\t\tChargement&#8230;\r\n\t\t\t\t\t\t\t\t\t<\/div>\r\n\t\t\t\t\t\t\t\t\t\r\n\t\t\t\t\t\t\t\t\t<style>\r\n\t\t\t\t\t\t\t\t\t\t#loader {\r\n\t\t\t\t\t\t\t\t\t\t\tposition: fixed;\r\n\t\t\t\t\t\t\t\t\t\t\tleft: 50%;\r\n\t\t\t\t\t\t\t\t\t\t\ttop: 50%;\r\n\t\t\t\t\t\t\t\t\t\t\ttransform: translate(-50%, -50%);\r\n\t\t\t\t\t\t\t\t\t\t\tfont-size: 20px;\r\n\t\t\t\t\t\t\t\t\t\t\tcolor: #555;\r\n\t\t\t\t\t\t\t\t\t\t\tz-index: 1000;\r\n\t\t\t\t\t\t\t\t\t\t}\r\n\t\t\t\t\t\t\t\t\t<\/style>\r\n\r\n\t\t\t\t\t\t\t\t\t\t\t\t\t\t\t\t\t\t<script>\r\n\t\t\t\t\t\t\t\t\t\t(function($) {\r\n\t\t\t\t\t\t\t\t\t\t\t$(document).ready(function() {\r\n\t\t\t\t\t\t\t\t\t\t\t\tvar startIndex = 0;\r\n\t\t\t\t\t\t\t\t\t\t\t\tvar lang = \"fr\";\r\n\r\n\t\t\t\t\t\t\t\t\t\t\t\tfunction fetchTableData(isLoadMore) {\r\n\t\t\t\t\t\t\t\t\t\t\t\t\tisLoadMore = isLoadMore || false;\r\n\t\t\t\t\t\t\t\t\t\t\t\t\t\r\n\t\t\t\t\t\t\t\t\t\t\t\t\tvar fromDate = $(\"#fromDate\").val();\r\n\t\t\t\t\t\t\t\t\t\t\t\t\tvar toDate = $(\"#toDate\").val();\r\n\t\t\t\t\t\t\t\t\t\t\t\t\tvar cruiseLine = $(\"#cruiseLine\").val();\r\n\r\n\t\t\t\t\t\t\t\t\t\t\t\t\tvar lastUpdateLabel = 'Derni\u00e8re mise \u00e0 jour';\r\n\t\t\t\t\t\t\t\t\t\t\t\t\tvar downloadPDFLabel = 'T\u00e9l\u00e9charger le PDF';\r\n\t\t\t\t\t\t\t\t\t\t\t\t\tvar downloadExcelLabel = 'Available Berths';\r\n\t\t\t\t\t\t\t\t\t\t\t\t\tvar downloadPDFIcon = 'https:\/\/lagoulettecruiseport.com\/wp-content\/uploads\/sites\/59\/2024\/04\/icon-download-pdf.svg';\r\n\t\t\t\t\t\t\t\t\t\t\t\t\tvar downloadExcelIcon = 'https:\/\/lagoulettecruiseport.com\/wp-content\/uploads\/sites\/59\/2024\/04\/icon-download-excel.svg';\r\n\r\n\t\t\t\t\t\t\t\t\t\t\t\t\tvar urlParams = {\r\n\t\t\t\t\t\t\t\t\t\t\t\t\t\tstartIndex: startIndex\r\n\t\t\t\t\t\t\t\t\t\t\t\t\t};\r\n\r\n\t\t\t\t\t\t\t\t\t\t\t\t\tif (lang) {\r\n\t\t\t\t\t\t\t\t\t\t\t\t\t\turlParams['lang'] = lang;\r\n\t\t\t\t\t\t\t\t\t\t\t\t\t}\r\n\r\n\t\t\t\t\t\t\t\t\t\t\t\t\tif (fromDate) urlParams['param2'] = fromDate;\r\n\t\t\t\t\t\t\t\t\t\t\t\t\tif (toDate) urlParams['param4'] = toDate;\r\n\t\t\t\t\t\t\t\t\t\t\t\t\tif (cruiseLine && cruiseLine !== 'all') urlParams['param7'] = cruiseLine;\r\n\r\n\t\t\t\t\t\t\t\t\t\t\t\t\tif (lastUpdateLabel) urlParams['lastUpdateLabel'] = lastUpdateLabel;\r\n\t\t\t\t\t\t\t\t\t\t\t\t\tif (downloadPDFLabel) urlParams['downloadPDFLabel'] = downloadPDFLabel;\r\n\t\t\t\t\t\t\t\t\t\t\t\t\tif (downloadExcelLabel) urlParams['downloadExcelLabel'] = downloadExcelLabel;\r\n\t\t\t\t\t\t\t\t\t\t\t\t\tif (downloadPDFIcon) urlParams['downloadPDFIcon'] = downloadPDFIcon;\r\n\t\t\t\t\t\t\t\t\t\t\t\t\tif (downloadExcelIcon) urlParams['downloadExcelIcon'] = downloadExcelIcon;\r\n\r\n\t\t\t\t\t\t\t\t\t\t\t\t\tif (!isLoadMore) {\r\n\t\t\t\t\t\t\t\t\t\t\t\t\t\t$(\"#loader\").show();\r\n\t\t\t\t\t\t\t\t\t\t\t\t\t}\r\n\r\n\t\t\t\t\t\t\t\t\t\t\t\t\t$.ajax({\r\n\t\t\t\t\t\t\t\t\t\t\t\t\t\turl: 'https:\/\/lagoulettecruiseport.com\/wp-content\/themes\/mbcglobalports\/includes\/api\/schedule.php',\r\n\t\t\t\t\t\t\t\t\t\t\t\t\t\ttype: 'GET',\r\n\t\t\t\t\t\t\t\t\t\t\t\t\t\tdata: urlParams,\r\n\t\t\t\t\t\t\t\t\t\t\t\t\t\tsuccess: function(data) {\r\n\t\t\t\t\t\t\t\t\t\t\t\t\t\t\tif (!isLoadMore) {\r\n\t\t\t\t\t\t\t\t\t\t\t\t\t\t\t\t$(\"#loader\").hide();\r\n\t\t\t\t\t\t\t\t\t\t\t\t\t\t\t\t$(\".page-schedule-cruise-schedule-starter\").empty().append(data);\r\n\t\t\t\t\t\t\t\t\t\t\t\t\t\t\t\tstartIndex = 10;\r\n\t\t\t\t\t\t\t\t\t\t\t\t\t\t\t\t$(\"#loadMore\").attr(\"data-index\", startIndex);\r\n\t\t\t\t\t\t\t\t\t\t\t\t\t\t\t} else {\r\n\t\t\t\t\t\t\t\t\t\t\t\t\t\t\t\t$(\".page-schedule-cruise-schedule-starter\").append(data);\r\n\t\t\t\t\t\t\t\t\t\t\t\t\t\t\t\tstartIndex += 10;\r\n\t\t\t\t\t\t\t\t\t\t\t\t\t\t\t\t$(\"#loadMore\").attr(\"data-index\", startIndex);\r\n\t\t\t\t\t\t\t\t\t\t\t\t\t\t\t}\r\n\t\t\t\t\t\t\t\t\t\t\t\t\t\t},\r\n\t\t\t\t\t\t\t\t\t\t\t\t\t\terror: function(xhr, status, error) {\r\n\t\t\t\t\t\t\t\t\t\t\t\t\t\t\tif (!isLoadMore) $(\"#loader\").hide();\r\n\t\t\t\t\t\t\t\t\t\t\t\t\t\t\tconsole.error(\"AJAX Error:\", status, error);\r\n\t\t\t\t\t\t\t\t\t\t\t\t\t\t}\r\n\t\t\t\t\t\t\t\t\t\t\t\t\t});\r\n\t\t\t\t\t\t\t\t\t\t\t\t}\r\n\r\n\t\t\t\t\t\t\t\t\t\t\t\tfetchTableData();\r\n\r\n\t\t\t\t\t\t\t\t\t\t\t\t$(document).on(\"click\", \"#loadMore\", function() {\r\n\t\t\t\t\t\t\t\t\t\t\t\t\tstartIndex = parseInt($(this).attr(\"data-index\")) || 0;\r\n\t\t\t\t\t\t\t\t\t\t\t\t\tfetchTableData(true);\r\n\t\t\t\t\t\t\t\t\t\t\t\t});\r\n\r\n\t\t\t\t\t\t\t\t\t\t\t\t$(\"#searchCruise\").on(\"click\", function() {\r\n\t\t\t\t\t\t\t\t\t\t\t\t\tstartIndex = 0;\r\n\t\t\t\t\t\t\t\t\t\t\t\t\tfetchTableData();\r\n\t\t\t\t\t\t\t\t\t\t\t\t});\r\n\t\t\t\t\t\t\t\t\t\t\t});\r\n\t\t\t\t\t\t\t\t\t\t})(jQuery);\r\n\t\t\t\t\t\t\t\t\t<\/script>\r\n\r\n\t\t\t\t\t\t\t\t<\/div>\r\n\t\t\t\t\t\t\t<\/div>\r\n\t\t\t\t\t\t<\/div>\r\n\t\t\t\t\t\t<div class=\"row flex schedule-announcement\">\r\n\t\t\t\t\t\t\t<div class=\"cl-12\">\r\n\t\t\t\t\t\t\t\t<div class=\"flex\">\r\n\t\t\t\t\t\t\t\t\t\t\t\t\t\t\t\t\t\t<div class=\"icon\">\r\n\t\t\t\t\t\t\t\t\t\t<img decoding=\"async\" src=\"https:\/\/lagoulettecruiseport.com\/wp-content\/uploads\/sites\/59\/2024\/04\/icon-announcement.svg\" alt=\"\" \/>\r\n\t\t\t\t\t\t\t\t\t<\/div>\r\n\t\t\t\t\t\t\t\t\t\t\t\t\t\t\t\t\t\t<div class=\"content\">\r\n\t\t\t\t\t\t\t\t\t\t\t\t\t\t\t\t\t\t\t\t<h4>Remarque concernant les horaires<\/h4>\r\n\t\t\t\t\t\t\t\t\t\t\t\t\t\t\t\t\t\t\t\t\t\t\t\t\t\t\t\t\t\t<p>Les horaires des croisi\u00e8res sont publi\u00e9s \u00e0 titre indicatif et peuvent \u00eatre modifi\u00e9s en fonction des conditions m\u00e9t\u00e9orologiques ou pour des raisons op\u00e9rationnelles.<\/p>\r\n\t\t\t\t\t\t\t\t\t\t\t\t\t\t\t\t\t\t\t<\/div>\r\n\t\t\t\t\t\t\t\t<\/div>\r\n\t\t\t\t\t\t\t<\/div>\r\n\t\t\t\t\t\t<\/div>\r\n\t\t\t\t\t<\/div>\r\n\t\t\t\t<\/div>\r\n\t\t\t<\/div>\r\n\t\t<\/div>\r\n\t<\/div>\r\n<\/section>","protected":false},"excerpt":{"rendered":"","protected":false},"author":1,"featured_media":0,"parent":0,"menu_order":60,"comment_status":"closed","ping_status":"closed","template":"","meta":{"_acf_changed":false,"footnotes":""},"class_list":["post-6342","page","type-page","status-publish","hentry"],"acf":[],"_links":{"self":[{"href":"https:\/\/lagoulettecruiseport.com\/fr\/wp-json\/wp\/v2\/pages\/6342","targetHints":{"allow":["GET"]}}],"collection":[{"href":"https:\/\/lagoulettecruiseport.com\/fr\/wp-json\/wp\/v2\/pages"}],"about":[{"href":"https:\/\/lagoulettecruiseport.com\/fr\/wp-json\/wp\/v2\/types\/page"}],"author":[{"embeddable":true,"href":"https:\/\/lagoulettecruiseport.com\/fr\/wp-json\/wp\/v2\/users\/1"}],"replies":[{"embeddable":true,"href":"https:\/\/lagoulettecruiseport.com\/fr\/wp-json\/wp\/v2\/comments?post=6342"}],"version-history":[{"count":3,"href":"https:\/\/lagoulettecruiseport.com\/fr\/wp-json\/wp\/v2\/pages\/6342\/revisions"}],"predecessor-version":[{"id":7762,"href":"https:\/\/lagoulettecruiseport.com\/fr\/wp-json\/wp\/v2\/pages\/6342\/revisions\/7762"}],"wp:attachment":[{"href":"https:\/\/lagoulettecruiseport.com\/fr\/wp-json\/wp\/v2\/media?parent=6342"}],"curies":[{"name":"wp","href":"https:\/\/api.w.org\/{rel}","templated":true}]}}