{"id":6354,"date":"2024-02-22T09:19:46","date_gmt":"2024-02-22T09:19:46","guid":{"rendered":"https:\/\/lagoulette.globalcruiseports.com\/services-home\/guest-services\/"},"modified":"2026-02-27T06:58:20","modified_gmt":"2026-02-27T06:58:20","slug":"services-aux-passagers","status":"publish","type":"page","link":"https:\/\/lagoulettecruiseport.com\/fr\/services-home\/services-aux-passagers\/","title":{"rendered":"Services aux passagers"},"content":{"rendered":"\r\n<style>\r\n\t.page-content-wrapper {\r\n\t\tz-index: 2;\r\n\t}\r\n<\/style>\r\n\r\n<section class=\"section page page-bg-light \">\r\n\t<style>\r\n                .page-header-bg {\r\n                    background-image: url(https:\/\/lagoulettecruiseport.com\/wp-content\/uploads\/sites\/59\/2025\/02\/Screenshot-21.png);\r\n                    background-size: cover;\r\n                    background-position: center;\r\n                }\r\n\t\t\t\t.hero-content{\r\n\t\t\t\t    top: 50%;\r\n    \t\t\t\tposition: absolute;\r\n    \t\t\t\ttransform: translateY(-50%);\r\n\t\t\t\t}\r\n              <\/style><div class=\"page-header-bg pr\">\t<div class=\"container w100\">\r\n\t\t<div class=\"row flex hero-content\">\r\n\t\t\t<div class=\"row flex\">\r\n\t\t\t\t<div class=\"cl-12 page-header\">\r\n\t\t\t\t\t<h5 class=\"uppercase\"><a href=\"https:\/\/lagoulettecruiseport.com\/fr\/\/port\/\" class=\"color-white\">\tPORT<\/a> > Services aux passagers<\/h5>\r\n\t\t\t\t\t<h1>Services aux passagers<\/h1>\r\n\t\t\t\t<\/div>\r\n\t\t\t<\/div>\r\n\t\t<\/div>\r\n\t<\/div>\r\n\t<\/div>\r\n\t<div class=\"page-content-wrapper pr\">\r\n\t\t<div class=\"container\">\r\n\t\t\t<div class=\"row flex align-i-center justify-c-center\">\r\n\t\t\t\t<div class=\"cl-10\">\r\n\t\t\t\t\t<div class=\"page-bg-white\">\r\n\t\t\t\t\t\t\t\t\t\t\t<div class=\"row flex\">\r\n\t\t\t\t\t\t\t<div class=\"cl-12\">\r\n\t\t\t\t\t\t\t\t<div id=\"tab0\" class=\"tab-2-content active-tab\">\r\n\t\t\t\t\t\t\t\t\t<div class=\"accordion accordion-ii\">\r\n\t\t\t\t\t\t\t\t\t\t\t\t\t\t\t\t\t\t\t\t\t\t<div class=\"accordion-header accordion-header-md black-arrow active first-item\">\r\n\t\t\t\t\t\t\t\t\t\t\t\t\tAssistance aux personnes en fauteuil roulant\t\t\t\t\t\t\t\t\t\t\t\t<\/div>\r\n\t\t\t\t\t\t\t\t\t\t\t\t<div class=\"desktop-accordion-content mobile-accordion-content accordion-content active\">\r\n\t\t\t\t\t\t\t\t\t\t\t\t\t<div class=\"row flex\">\r\n\t\t\t\t\t\t\t\t\t\t\t\t\t\t<div class=\"cl-6 accordion-content-light\">\r\n\t\t\t\t\t\t\t\t\t\t\t\t\t\t\t<div class=\"cl-6 accordion-content-light\">\n<p><span data-sheets-root=\"1\">Nos terminaux sont enti\u00e8rement adapt\u00e9s aux fauteuils roulants avec des salles de bains accessibles pour votre commodit\u00e9. Des fauteuils roulants sont \u00e9galement disponibles dans tous les terminaux. Contactez la s\u00e9curit\u00e9 \u00e0 l\u2019arriv\u00e9e pour une assistance imm\u00e9diate.<\/span><\/p>\n<\/div>\n<div id=\"gtx-trans\" style=\"position: absolute; left: 285px; top: 0px;\">\n<div class=\"gtx-trans-icon\"><\/div>\n<\/div>\n\t\t\t\t\t\t\t\t\t\t\t\t\t\t<\/div>\r\n\t\t\t\t\t\t\t\t\t\t\t\t\t\t<div class=\"cl-6\">\r\n\t\t\t\t\t\t\t\t\t\t\t\t\t\t\t<img decoding=\"async\" src=\"https:\/\/lagoulettecruiseport.com\/wp-content\/uploads\/sites\/59\/2025\/03\/PASSENGE-RMOBILITY.png\" alt=\"Assistance aux personnes en fauteuil roulant\" class=\"w100\">\t\t\t\t\t\t\t\t\t\t\t\t\t\t<\/div>\r\n\t\t\t\t\t\t\t\t\t\t\t\t\t<\/div>\r\n\t\t\t\t\t\t\t\t\t\t\t\t<\/div>\r\n\t\t\t\t\t\t\t\t\t\t\t\t\t\t\t\t\t\t\t\t\t\t<div class=\"accordion-header accordion-header-md black-arrow \">\r\n\t\t\t\t\t\t\t\t\t\t\t\t\tCaf\u00e9s et restaurants\t\t\t\t\t\t\t\t\t\t\t\t<\/div>\r\n\t\t\t\t\t\t\t\t\t\t\t\t<div class=\"desktop-accordion-content mobile-accordion-content accordion-content \">\r\n\t\t\t\t\t\t\t\t\t\t\t\t\t<div class=\"row flex\">\r\n\t\t\t\t\t\t\t\t\t\t\t\t\t\t<div class=\"cl-6 accordion-content-light\">\r\n\t\t\t\t\t\t\t\t\t\t\t\t\t\t\t<p><span data-sheets-root=\"1\">Offrez-vous un voyage culinaire dans nos caf\u00e9s et restaurants, offrant une gamme diversifi\u00e9e de cuisines pour convenir \u00e0 chaque palais. Des sp\u00e9cialit\u00e9s locales aux plats internationaux, savourez de d\u00e9licieux repas et des boissons rafra\u00eechissantes dans une atmosph\u00e8re d\u00e9tendue.<\/span><\/p>\n\t\t\t\t\t\t\t\t\t\t\t\t\t\t<\/div>\r\n\t\t\t\t\t\t\t\t\t\t\t\t\t\t<div class=\"cl-6\">\r\n\t\t\t\t\t\t\t\t\t\t\t\t\t\t\t<img decoding=\"async\" src=\"https:\/\/lagoulettecruiseport.com\/wp-content\/uploads\/sites\/59\/2025\/11\/CAFES-RESTAURANTS-1.png\" alt=\"Caf\u00e9s et restaurants\" class=\"w100\">\t\t\t\t\t\t\t\t\t\t\t\t\t\t<\/div>\r\n\t\t\t\t\t\t\t\t\t\t\t\t\t<\/div>\r\n\t\t\t\t\t\t\t\t\t\t\t\t<\/div>\r\n\t\t\t\t\t\t\t\t\t\t\t\t\t\t\t\t\t\t\t\t\t\t<div class=\"accordion-header accordion-header-md black-arrow \">\r\n\t\t\t\t\t\t\t\t\t\t\t\t\tCentre d\u2019information\t\t\t\t\t\t\t\t\t\t\t\t<\/div>\r\n\t\t\t\t\t\t\t\t\t\t\t\t<div class=\"desktop-accordion-content mobile-accordion-content accordion-content \">\r\n\t\t\t\t\t\t\t\t\t\t\t\t\t<div class=\"row flex\">\r\n\t\t\t\t\t\t\t\t\t\t\t\t\t\t<div class=\"cl-6 accordion-content-light\">\r\n\t\t\t\t\t\t\t\t\t\t\t\t\t\t\t<div class=\"cl-6 accordion-content-light\">\n<p><span data-sheets-root=\"1\">Nos Guest Information Centres (GIC) sont des stations dot\u00e9es d\u2019experts locaux qui peuvent vous aider \u00e0 tirer le meilleur parti de votre temps en ville. Obtenez des informations sur les visites, les excursions, d\u00e9placements, et plus encore.<\/span><\/p>\n<\/div>\n\t\t\t\t\t\t\t\t\t\t\t\t\t\t<\/div>\r\n\t\t\t\t\t\t\t\t\t\t\t\t\t\t<div class=\"cl-6\">\r\n\t\t\t\t\t\t\t\t\t\t\t\t\t\t\t<img decoding=\"async\" src=\"https:\/\/lagoulettecruiseport.com\/wp-content\/uploads\/sites\/59\/2024\/12\/Guest-information.png\" alt=\"Centre d\u2019information\" class=\"w100\">\t\t\t\t\t\t\t\t\t\t\t\t\t\t<\/div>\r\n\t\t\t\t\t\t\t\t\t\t\t\t\t<\/div>\r\n\t\t\t\t\t\t\t\t\t\t\t\t<\/div>\r\n\t\t\t\t\t\t\t\t\t\t\t\t\t\t\t\t\t\t\t\t\t\t<div class=\"accordion-header accordion-header-md black-arrow \">\r\n\t\t\t\t\t\t\t\t\t\t\t\t\tCentre de premiers secours\t\t\t\t\t\t\t\t\t\t\t\t<\/div>\r\n\t\t\t\t\t\t\t\t\t\t\t\t<div class=\"desktop-accordion-content mobile-accordion-content accordion-content \">\r\n\t\t\t\t\t\t\t\t\t\t\t\t\t<div class=\"row flex\">\r\n\t\t\t\t\t\t\t\t\t\t\t\t\t\t<div class=\"cl-6 accordion-content-light\">\r\n\t\t\t\t\t\t\t\t\t\t\t\t\t\t\t<p><span data-sheets-root=\"1\">Acc\u00e9dez \u00e0 une assistance m\u00e9dicale imm\u00e9diate dans notre centre de premiers secours sur place, dot\u00e9 de professionnels m\u00e9dicaux qualifi\u00e9s.<\/span><\/p>\n\t\t\t\t\t\t\t\t\t\t\t\t\t\t<\/div>\r\n\t\t\t\t\t\t\t\t\t\t\t\t\t\t<div class=\"cl-6\">\r\n\t\t\t\t\t\t\t\t\t\t\t\t\t\t\t<img decoding=\"async\" src=\"https:\/\/lagoulettecruiseport.com\/wp-content\/uploads\/sites\/59\/2025\/11\/FIRST-AID-CENTER.png\" alt=\"Centre de premiers secours\" class=\"w100\">\t\t\t\t\t\t\t\t\t\t\t\t\t\t<\/div>\r\n\t\t\t\t\t\t\t\t\t\t\t\t\t<\/div>\r\n\t\t\t\t\t\t\t\t\t\t\t\t<\/div>\r\n\t\t\t\t\t\t\t\t\t\t\t\t\t\t\t\t\t\t\t\t\t\t<div class=\"accordion-header accordion-header-md black-arrow \">\r\n\t\t\t\t\t\t\t\t\t\t\t\t\tDuty Free\t\t\t\t\t\t\t\t\t\t\t\t<\/div>\r\n\t\t\t\t\t\t\t\t\t\t\t\t<div class=\"desktop-accordion-content mobile-accordion-content accordion-content \">\r\n\t\t\t\t\t\t\t\t\t\t\t\t\t<div class=\"row flex\">\r\n\t\t\t\t\t\t\t\t\t\t\t\t\t\t<div class=\"cl-6 accordion-content-light\">\r\n\t\t\t\t\t\t\t\t\t\t\t\t\t\t\t<p><span data-sheets-root=\"1\">D\u00e9couvrez des offres exclusives et des achats hors taxes dans nos boutiques duty-free. Parcourez une large s\u00e9lection de produits locaux, de produits de luxe, de parfums et plus encore, tous \u00e0 des prix all\u00e9chants. Profitez des achats hors taxes avant de vous lancer dans votre voyage.<\/span><\/p>\n\t\t\t\t\t\t\t\t\t\t\t\t\t\t<\/div>\r\n\t\t\t\t\t\t\t\t\t\t\t\t\t\t<div class=\"cl-6\">\r\n\t\t\t\t\t\t\t\t\t\t\t\t\t\t\t<img decoding=\"async\" src=\"https:\/\/lagoulettecruiseport.com\/wp-content\/uploads\/sites\/59\/2025\/04\/duty-free.png\" alt=\"Duty Free\" class=\"w100\">\t\t\t\t\t\t\t\t\t\t\t\t\t\t<\/div>\r\n\t\t\t\t\t\t\t\t\t\t\t\t\t<\/div>\r\n\t\t\t\t\t\t\t\t\t\t\t\t<\/div>\r\n\t\t\t\t\t\t\t\t\t\t\t\t\t\t\t\t\t\t\t\t\t\t<div class=\"accordion-header accordion-header-md black-arrow \">\r\n\t\t\t\t\t\t\t\t\t\t\t\t\tMagasins\t\t\t\t\t\t\t\t\t\t\t\t<\/div>\r\n\t\t\t\t\t\t\t\t\t\t\t\t<div class=\"desktop-accordion-content mobile-accordion-content accordion-content \">\r\n\t\t\t\t\t\t\t\t\t\t\t\t\t<div class=\"row flex\">\r\n\t\t\t\t\t\t\t\t\t\t\t\t\t\t<div class=\"cl-6 accordion-content-light\">\r\n\t\t\t\t\t\t\t\t\t\t\t\t\t\t\t<div class=\"cl-6 accordion-content-light\">\n<p><span data-sheets-root=\"1\">Des souvenirs aux essentiels, profitez du shopping pour des articles uniques ici.<\/span><\/p>\n<\/div>\n<div id=\"gtx-trans\" style=\"position: absolute; left: 815px; top: 48px;\">\n<div class=\"gtx-trans-icon\"><\/div>\n<\/div>\n\t\t\t\t\t\t\t\t\t\t\t\t\t\t<\/div>\r\n\t\t\t\t\t\t\t\t\t\t\t\t\t\t<div class=\"cl-6\">\r\n\t\t\t\t\t\t\t\t\t\t\t\t\t\t\t<img decoding=\"async\" src=\"https:\/\/lagoulettecruiseport.com\/wp-content\/uploads\/sites\/59\/2025\/03\/Shuttle-scaled.jpg\" alt=\"Magasins\" class=\"w100\">\t\t\t\t\t\t\t\t\t\t\t\t\t\t<\/div>\r\n\t\t\t\t\t\t\t\t\t\t\t\t\t<\/div>\r\n\t\t\t\t\t\t\t\t\t\t\t\t<\/div>\r\n\t\t\t\t\t\t\t\t\t\t\t\t\t\t\t\t\t\t\t\t\t\t<div class=\"accordion-header accordion-header-md black-arrow \">\r\n\t\t\t\t\t\t\t\t\t\t\t\t\tMonnaie et \u00e9change\t\t\t\t\t\t\t\t\t\t\t\t<\/div>\r\n\t\t\t\t\t\t\t\t\t\t\t\t<div class=\"desktop-accordion-content mobile-accordion-content accordion-content \">\r\n\t\t\t\t\t\t\t\t\t\t\t\t\t<div class=\"row flex\">\r\n\t\t\t\t\t\t\t\t\t\t\t\t\t\t<div class=\"cl-6 accordion-content-light\">\r\n\t\t\t\t\t\t\t\t\t\t\t\t\t\t\t<p><span data-sheets-root=\"1\">Il y a des bureaux de change dans chaque terminal.<\/span><\/p>\n\t\t\t\t\t\t\t\t\t\t\t\t\t\t<\/div>\r\n\t\t\t\t\t\t\t\t\t\t\t\t\t\t<div class=\"cl-6\">\r\n\t\t\t\t\t\t\t\t\t\t\t\t\t\t\t<img decoding=\"async\" src=\"https:\/\/lagoulettecruiseport.com\/wp-content\/uploads\/sites\/59\/2025\/11\/CURRENCY-EXCHANGE.png\" alt=\"Monnaie et \u00e9change\" class=\"w100\">\t\t\t\t\t\t\t\t\t\t\t\t\t\t<\/div>\r\n\t\t\t\t\t\t\t\t\t\t\t\t\t<\/div>\r\n\t\t\t\t\t\t\t\t\t\t\t\t<\/div>\r\n\t\t\t\t\t\t\t\t\t\t\t\t\t\t\t\t\t\t\t\t\t\t<div class=\"accordion-header accordion-header-md black-arrow \">\r\n\t\t\t\t\t\t\t\t\t\t\t\t\tStation de taxis\t\t\t\t\t\t\t\t\t\t\t\t<\/div>\r\n\t\t\t\t\t\t\t\t\t\t\t\t<div class=\"desktop-accordion-content mobile-accordion-content accordion-content \">\r\n\t\t\t\t\t\t\t\t\t\t\t\t\t<div class=\"row flex\">\r\n\t\t\t\t\t\t\t\t\t\t\t\t\t\t<div class=\"cl-6 accordion-content-light\">\r\n\t\t\t\t\t\t\t\t\t\t\t\t\t\t\t<div class=\"cl-6 accordion-content-light\">\n<p><span data-sheets-root=\"1\">Notre station de taxi garantit un transport rapide et sans tracas pour les visiteurs &#8211; que vous soyez \u00e0 la recherche d\u2019une visite en taxi, en direction de l\u2019a\u00e9roport ou vers ailleurs. <\/span><\/p>\n<\/div>\n<div id=\"gtx-trans\" style=\"position: absolute; left: 472px; top: 0px;\">\n<div class=\"gtx-trans-icon\"><\/div>\n<\/div>\n\t\t\t\t\t\t\t\t\t\t\t\t\t\t<\/div>\r\n\t\t\t\t\t\t\t\t\t\t\t\t\t\t<div class=\"cl-6\">\r\n\t\t\t\t\t\t\t\t\t\t\t\t\t\t\t<img decoding=\"async\" src=\"https:\/\/lagoulettecruiseport.com\/wp-content\/uploads\/sites\/59\/2025\/03\/TAXI-STATION.png\" alt=\"Station de taxis\" class=\"w100\">\t\t\t\t\t\t\t\t\t\t\t\t\t\t<\/div>\r\n\t\t\t\t\t\t\t\t\t\t\t\t\t<\/div>\r\n\t\t\t\t\t\t\t\t\t\t\t\t<\/div>\r\n\t\t\t\t\t\t\t\t\t\t\t\t\t\t\t\t\t\t\t\t\t\t<div class=\"accordion-header accordion-header-md black-arrow \">\r\n\t\t\t\t\t\t\t\t\t\t\t\t\tWi-fi\t\t\t\t\t\t\t\t\t\t\t\t<\/div>\r\n\t\t\t\t\t\t\t\t\t\t\t\t<div class=\"desktop-accordion-content mobile-accordion-content accordion-content \">\r\n\t\t\t\t\t\t\t\t\t\t\t\t\t<div class=\"row flex\">\r\n\t\t\t\t\t\t\t\t\t\t\t\t\t\t<div class=\"cl-6 accordion-content-light\">\r\n\t\t\t\t\t\t\t\t\t\t\t\t\t\t\t<div class=\"cl-6 accordion-content-light\">\n<p><span data-sheets-root=\"1\">Une connexion Wi-Fi est disponible dans les restaurants et caf\u00e9s situ\u00e9s \u00e0 La Goulette Village Harbor, le village commer\u00e7ant de notre port de croisi\u00e8re.<\/span><\/p>\n<\/div>\n\t\t\t\t\t\t\t\t\t\t\t\t\t\t<\/div>\r\n\t\t\t\t\t\t\t\t\t\t\t\t\t\t<div class=\"cl-6\">\r\n\t\t\t\t\t\t\t\t\t\t\t\t\t\t\t<img decoding=\"async\" src=\"https:\/\/lagoulettecruiseport.com\/wp-content\/uploads\/sites\/59\/2025\/03\/WI-FI.png\" alt=\"Wi-fi\" class=\"w100\">\t\t\t\t\t\t\t\t\t\t\t\t\t\t<\/div>\r\n\t\t\t\t\t\t\t\t\t\t\t\t\t<\/div>\r\n\t\t\t\t\t\t\t\t\t\t\t\t<\/div>\r\n\t\t\t\t\t\t\t\t\t\t\t\t\t\t\t\t\t\t\t<\/div>\r\n\t\t\t\t\t\t\t\t<\/div>\r\n\t\t\t\t\t\t\t\t\t\t\t\t\t\t\t\t\t\t\t\t\t\t\t<\/div>\r\n\t\t\t\t\t\t<\/div>\r\n\t\t\t\t\t<\/div>\r\n\t\t\t\t<\/div>\r\n\t\t\t<\/div>\r\n\t\t<\/div>\r\n\t<\/div>\r\n<\/section>\n\n\r\n<section class=\"section section-accordion page-bg-light\">\r\n\t<div class=\"container\">\r\n\t\t<div class=\"row flex section-header\">\r\n\t\t\t<div class=\"cl-4\">\r\n\t\t\t\t<h2>\r\n\t\t\t\t\tUne exp\u00e9rience sans faille\t\t\t\t\t<br>\r\n\t\t\t\t\t<span class=\"primary-color\">Nos services<\/span>\r\n\t\t\t\t<\/h2>\r\n\t\t\t<\/div>\r\n\t\t\t<div class=\"cl-7 offset-1\">\r\n\t\t\t\t<p class=\"grey-color\">Nous proposons une gamme compl\u00e8te de services et nous engageons \u00e0 offrir la meilleure exp\u00e9rience possible. Des services exclusifs pour les passagers et les membres d&rsquo;\u00e9quipage \u00e0 une large gamme de services pour les navires de croisi\u00e8re, notre \u00e9quipe se consacre \u00e0 r\u00e9pondre \u00e0 tous vos besoins. Nous sommes impatients de vous servir et de rendre votre visite vraiment exceptionnelle.<\/p>\r\n\t\t\t<\/div>\r\n\t\t<\/div>\r\n\t\t<div class=\"row flex accordion-mobile-vertical section-accoridon-content accordion\">\r\n\t\t\t<div class=\"cl-4 accordion-left\">\r\n\t\t\t\t\t\t\t\t\t<div class=\"accordion-header active\">\r\n\t\t\t\t\t\t\t\t\t\t\t\t<img decoding=\"async\" src=\"6766\" alt=\"\" \/>\r\n\r\n\t\t\t\t\t\tServices \u00e0 l\u2019\u00e9quipage\t\t\t\t\t\t<div class=\"hide-mobile accordion-right\">\r\n\r\n\r\n\t\t\t\t\t\t\t<div class=\"accordion-content mobile-accordion-content active\">\r\n\t\t\t\t\t\t\t\t<div class=\"flex flex-wrap\">\r\n\t\t\t\t\t\t\t\t\t\t\t\t\t\t\t\t\t\t\t\t<div class=\"list-item\">\r\n\t\t\t\t\t\t\t\t\t\t\t\tBo\u00eete aux lettres\t\t\t\t\t\t\t\t\t\t\t<\/div>\r\n\t\t\t\t\t\t\t\t\t\t\t\t\t\t\t\t\t\t\t\t<div class=\"list-item\">\r\n\t\t\t\t\t\t\t\t\t\t\t\tCentre de premiers secours\t\t\t\t\t\t\t\t\t\t\t<\/div>\r\n\t\t\t\t\t\t\t\t\t\t\t\t\t\t\t\t\t\t\t\t<div class=\"list-item\">\r\n\t\t\t\t\t\t\t\t\t\t\t\tCaf\u00e9s et restaurants\t\t\t\t\t\t\t\t\t\t\t<\/div>\r\n\t\t\t\t\t\t\t\t\t\t\t\t\t\t\t\t\t\t\t\t<div class=\"list-item\">\r\n\t\t\t\t\t\t\t\t\t\t\t\tDuty Free\t\t\t\t\t\t\t\t\t\t\t<\/div>\r\n\t\t\t\t\t\t\t\t\t\t\t\t\t\t\t\t\t\t\t\t<div class=\"list-item\">\r\n\t\t\t\t\t\t\t\t\t\t\t\tMonnaie et \u00e9change\t\t\t\t\t\t\t\t\t\t\t<\/div>\r\n\t\t\t\t\t\t\t\t\t\t\t\t\t\t\t\t\t\t\t\t<div class=\"list-item\">\r\n\t\t\t\t\t\t\t\t\t\t\t\tMagasins\t\t\t\t\t\t\t\t\t\t\t<\/div>\r\n\t\t\t\t\t\t\t\t\t\t\t\t\t\t\t\t\t\t\t\t<div class=\"list-item\">\r\n\t\t\t\t\t\t\t\t\t\t\t\tStation de taxis\t\t\t\t\t\t\t\t\t\t\t<\/div>\r\n\t\t\t\t\t\t\t\t\t\t\t\t\t\t\t\t\t\t\t\t<div class=\"list-item\">\r\n\t\t\t\t\t\t\t\t\t\t\t\tWi-fi\t\t\t\t\t\t\t\t\t\t\t<\/div>\r\n\t\t\t\t\t\t\t\t\t\t\t\t\t\t\t\t\t<\/div>\r\n\r\n\r\n\t\t\t\t\t\t\t\t<div class=\"row flex justify-c-end accordion-services-all\">\r\n\t\t\t\t\t\t\t\t\t<a href=\"https:\/\/lagoulettecruiseport.com\/fr\/\/services-home\/services-a-lequipage\" class=\"cta primary-color\">\r\n\t\t\t\t\t\t\t\t\t\tALL Services \u00e0 l\u2019\u00e9quipage\r\n\t\t\t\t\t\t\t\t\t\t<svg xmlns=\"http:\/\/www.w3.org\/2000\/svg\" width=\"12.828\" height=\"12.829\" viewBox=\"0 0 12.828 12.829\">\r\n\t\t\t\t\t\t\t\t\t\t\t<g id=\"Icon_feather-arrow-up-right\" data-name=\"Icon feather-arrow-up-right\" transform=\"translate(-9.086 -9.086)\">\r\n\t\t\t\t\t\t\t\t\t\t\t\t<path id=\"Path_3\" data-name=\"Path 3\" d=\"M10.5,20.5l10-10\" fill=\"none\" class=\"primary-stroke\" stroke-linecap=\"round\" stroke-linejoin=\"round\" stroke-width=\"2\"><\/path>\r\n\t\t\t\t\t\t\t\t\t\t\t\t<path id=\"Path_4\" data-name=\"Path 4\" d=\"M10.5,10.5h10v10\" fill=\"none\" class=\"primary-stroke\" stroke-linecap=\"round\" stroke-linejoin=\"round\" stroke-width=\"2\"><\/path>\r\n\t\t\t\t\t\t\t\t\t\t\t<\/g>\r\n\t\t\t\t\t\t\t\t\t\t<\/svg>\r\n\t\t\t\t\t\t\t\t\t<\/a>\r\n\t\t\t\t\t\t\t\t<\/div>\r\n\r\n\t\t\t\t\t\t\t<\/div>\r\n\r\n\r\n\r\n\t\t\t\t\t\t<\/div>\r\n\t\t\t\t\t<\/div>\r\n\t\t\t\t\t\t\t\t\t<div class=\"accordion-header \">\r\n\t\t\t\t\t\t\t\t\t\t\t\t<img decoding=\"async\" src=\"6764\" alt=\"\" \/>\r\n\r\n\t\t\t\t\t\tServices Portuaires\t\t\t\t\t\t<div class=\"hide-mobile accordion-right\">\r\n\r\n\r\n\t\t\t\t\t\t\t<div class=\"accordion-content mobile-accordion-content \">\r\n\t\t\t\t\t\t\t\t<div class=\"flex flex-wrap\">\r\n\t\t\t\t\t\t\t\t\t\t\t\t\t\t\t\t\t\t\t\t<div class=\"list-item\">\r\n\t\t\t\t\t\t\t\t\t\t\t\tRemorquage\t\t\t\t\t\t\t\t\t\t\t<\/div>\r\n\t\t\t\t\t\t\t\t\t\t\t\t\t\t\t\t\t\t\t\t<div class=\"list-item\">\r\n\t\t\t\t\t\t\t\t\t\t\t\tTentes\t\t\t\t\t\t\t\t\t\t\t<\/div>\r\n\t\t\t\t\t\t\t\t\t\t\t\t\t\t\t\t\t\t\t\t<div class=\"list-item\">\r\n\t\t\t\t\t\t\t\t\t\t\t\tService de s\u00e9gr\u00e9gation des quais\t\t\t\t\t\t\t\t\t\t\t<\/div>\r\n\t\t\t\t\t\t\t\t\t\t\t\t\t\t\t\t\t\t\t\t<div class=\"list-item\">\r\n\t\t\t\t\t\t\t\t\t\t\t\tManipulation des lignes\t\t\t\t\t\t\t\t\t\t\t<\/div>\r\n\t\t\t\t\t\t\t\t\t\t\t\t\t\t\t\t\t\t\t\t<div class=\"list-item\">\r\n\t\t\t\t\t\t\t\t\t\t\t\tDouanes\t\t\t\t\t\t\t\t\t\t\t<\/div>\r\n\t\t\t\t\t\t\t\t\t\t\t\t\t\t\t\t\t\t\t\t<div class=\"list-item\">\r\n\t\t\t\t\t\t\t\t\t\t\t\tEnregistrement\t\t\t\t\t\t\t\t\t\t\t<\/div>\r\n\t\t\t\t\t\t\t\t\t\t\t\t\t\t\t\t\t\t\t\t<div class=\"list-item\">\r\n\t\t\t\t\t\t\t\t\t\t\t\tS\u00e9curit\u00e9 suppl\u00e9mentaire\t\t\t\t\t\t\t\t\t\t\t<\/div>\r\n\t\t\t\t\t\t\t\t\t\t\t\t\t\t\t\t\t\t\t\t<div class=\"list-item\">\r\n\t\t\t\t\t\t\t\t\t\t\t\tISPS\t\t\t\t\t\t\t\t\t\t\t<\/div>\r\n\t\t\t\t\t\t\t\t\t\t\t\t\t\t\t\t\t\t\t\t<div class=\"list-item\">\r\n\t\t\t\t\t\t\t\t\t\t\t\tServices K9\t\t\t\t\t\t\t\t\t\t\t<\/div>\r\n\t\t\t\t\t\t\t\t\t\t\t\t\t\t\t\t\t<\/div>\r\n\r\n\r\n\t\t\t\t\t\t\t\t<div class=\"row flex justify-c-end accordion-services-all\">\r\n\t\t\t\t\t\t\t\t\t<a href=\"https:\/\/lagoulettecruiseport.com\/fr\/\/services-home\/services-portuaires\" class=\"cta primary-color\">\r\n\t\t\t\t\t\t\t\t\t\tALL Services Portuaires\r\n\t\t\t\t\t\t\t\t\t\t<svg xmlns=\"http:\/\/www.w3.org\/2000\/svg\" width=\"12.828\" height=\"12.829\" viewBox=\"0 0 12.828 12.829\">\r\n\t\t\t\t\t\t\t\t\t\t\t<g id=\"Icon_feather-arrow-up-right\" data-name=\"Icon feather-arrow-up-right\" transform=\"translate(-9.086 -9.086)\">\r\n\t\t\t\t\t\t\t\t\t\t\t\t<path id=\"Path_3\" data-name=\"Path 3\" d=\"M10.5,20.5l10-10\" fill=\"none\" class=\"primary-stroke\" stroke-linecap=\"round\" stroke-linejoin=\"round\" stroke-width=\"2\"><\/path>\r\n\t\t\t\t\t\t\t\t\t\t\t\t<path id=\"Path_4\" data-name=\"Path 4\" d=\"M10.5,10.5h10v10\" fill=\"none\" class=\"primary-stroke\" stroke-linecap=\"round\" stroke-linejoin=\"round\" stroke-width=\"2\"><\/path>\r\n\t\t\t\t\t\t\t\t\t\t\t<\/g>\r\n\t\t\t\t\t\t\t\t\t\t<\/svg>\r\n\t\t\t\t\t\t\t\t\t<\/a>\r\n\t\t\t\t\t\t\t\t<\/div>\r\n\r\n\t\t\t\t\t\t\t<\/div>\r\n\r\n\r\n\r\n\t\t\t\t\t\t<\/div>\r\n\t\t\t\t\t<\/div>\r\n\t\t\t\t\t\t\t<\/div>\r\n\t\t\t<div class=\"cl-7 offset-1 accordion-right hide-desktop\">\r\n\t\t\t\t\t\t\t\t\t<div class=\"accordion-content desktop-accordion-content h100 active\">\r\n\r\n\t\t\t\t\t\t<div class=\"h100\">\r\n\t\t\t\t\t\t\t<div class=\"row flex flex-wrap\">\r\n\t\t\t\t\t\t\t\t\t\t\t\t\t\t\t\t\t\t<div class=\"cl-4\">\r\n\t\t\t\t\t\t\t\t\t\t\t<div class=\"list-item\">\r\n\t\t\t\t\t\t\t\t\t\t\t\tBo\u00eete aux lettres\t\t\t\t\t\t\t\t\t\t\t<\/div>\r\n\t\t\t\t\t\t\t\t\t\t<\/div>\r\n\t\t\t\t\t\t\t\t\t\t\t\t\t\t\t\t\t\t<div class=\"cl-4\">\r\n\t\t\t\t\t\t\t\t\t\t\t<div class=\"list-item\">\r\n\t\t\t\t\t\t\t\t\t\t\t\tCaf\u00e9s et restaurants\t\t\t\t\t\t\t\t\t\t\t<\/div>\r\n\t\t\t\t\t\t\t\t\t\t<\/div>\r\n\t\t\t\t\t\t\t\t\t\t\t\t\t\t\t\t\t\t<div class=\"cl-4\">\r\n\t\t\t\t\t\t\t\t\t\t\t<div class=\"list-item\">\r\n\t\t\t\t\t\t\t\t\t\t\t\tCentre de premiers secours\t\t\t\t\t\t\t\t\t\t\t<\/div>\r\n\t\t\t\t\t\t\t\t\t\t<\/div>\r\n\t\t\t\t\t\t\t\t\t\t\t\t\t\t\t\t\t\t<div class=\"cl-4\">\r\n\t\t\t\t\t\t\t\t\t\t\t<div class=\"list-item\">\r\n\t\t\t\t\t\t\t\t\t\t\t\tDuty Free\t\t\t\t\t\t\t\t\t\t\t<\/div>\r\n\t\t\t\t\t\t\t\t\t\t<\/div>\r\n\t\t\t\t\t\t\t\t\t\t\t\t\t\t\t\t\t\t<div class=\"cl-4\">\r\n\t\t\t\t\t\t\t\t\t\t\t<div class=\"list-item\">\r\n\t\t\t\t\t\t\t\t\t\t\t\tMagasins\t\t\t\t\t\t\t\t\t\t\t<\/div>\r\n\t\t\t\t\t\t\t\t\t\t<\/div>\r\n\t\t\t\t\t\t\t\t\t\t\t\t\t\t\t\t\t\t<div class=\"cl-4\">\r\n\t\t\t\t\t\t\t\t\t\t\t<div class=\"list-item\">\r\n\t\t\t\t\t\t\t\t\t\t\t\tMonnaie et \u00e9change\t\t\t\t\t\t\t\t\t\t\t<\/div>\r\n\t\t\t\t\t\t\t\t\t\t<\/div>\r\n\t\t\t\t\t\t\t\t\t\t\t\t\t\t\t\t\t\t<div class=\"cl-4\">\r\n\t\t\t\t\t\t\t\t\t\t\t<div class=\"list-item\">\r\n\t\t\t\t\t\t\t\t\t\t\t\tStation de taxis\t\t\t\t\t\t\t\t\t\t\t<\/div>\r\n\t\t\t\t\t\t\t\t\t\t<\/div>\r\n\t\t\t\t\t\t\t\t\t\t\t\t\t\t\t\t\t\t<div class=\"cl-4\">\r\n\t\t\t\t\t\t\t\t\t\t\t<div class=\"list-item\">\r\n\t\t\t\t\t\t\t\t\t\t\t\tWi-fi\t\t\t\t\t\t\t\t\t\t\t<\/div>\r\n\t\t\t\t\t\t\t\t\t\t<\/div>\r\n\t\t\t\t\t\t\t\t\t\t\t\t\t\t\t<\/div>\r\n\t\t\t\t\t\t<\/div>\r\n\r\n\t\t\t\t\t\t<div class=\"row flex justify-c-end accordion-services-all\">\r\n\t\t\t\t\t\t\t<a href=\"https:\/\/lagoulettecruiseport.com\/fr\/services-home\/services-a-lequipage\" class=\"cta primary-color\">\r\n\t\t\t\t\t\t\t\tTOUT Services \u00e0 l\u2019\u00e9quipage\r\n\t\t\t\t\t\t\t\t<svg xmlns=\"http:\/\/www.w3.org\/2000\/svg\" width=\"12.828\" height=\"12.829\" viewBox=\"0 0 12.828 12.829\">\r\n\t\t\t\t\t\t\t\t\t<g id=\"Icon_feather-arrow-up-right\" data-name=\"Icon feather-arrow-up-right\" transform=\"translate(-9.086 -9.086)\">\r\n\t\t\t\t\t\t\t\t\t\t<path id=\"Path_3\" data-name=\"Path 3\" d=\"M10.5,20.5l10-10\" fill=\"none\" class=\"primary-stroke\" stroke-linecap=\"round\" stroke-linejoin=\"round\" stroke-width=\"2\"><\/path>\r\n\t\t\t\t\t\t\t\t\t\t<path id=\"Path_4\" data-name=\"Path 4\" d=\"M10.5,10.5h10v10\" fill=\"none\" class=\"primary-stroke\" stroke-linecap=\"round\" stroke-linejoin=\"round\" stroke-width=\"2\"><\/path>\r\n\t\t\t\t\t\t\t\t\t<\/g>\r\n\t\t\t\t\t\t\t\t<\/svg>\r\n\t\t\t\t\t\t\t<\/a>\r\n\t\t\t\t\t\t<\/div>\r\n\r\n\t\t\t\t\t<\/div>\r\n\t\t\t\t\t\t\t\t\t<div class=\"accordion-content desktop-accordion-content h100 \">\r\n\r\n\t\t\t\t\t\t<div class=\"h100\">\r\n\t\t\t\t\t\t\t<div class=\"row flex flex-wrap\">\r\n\t\t\t\t\t\t\t\t\t\t\t\t\t\t\t\t\t\t<div class=\"cl-4\">\r\n\t\t\t\t\t\t\t\t\t\t\t<div class=\"list-item\">\r\n\t\t\t\t\t\t\t\t\t\t\t\tContr\u00f4le des bagages\t\t\t\t\t\t\t\t\t\t\t<\/div>\r\n\t\t\t\t\t\t\t\t\t\t<\/div>\r\n\t\t\t\t\t\t\t\t\t\t\t\t\t\t\t\t\t\t<div class=\"cl-4\">\r\n\t\t\t\t\t\t\t\t\t\t\t<div class=\"list-item\">\r\n\t\t\t\t\t\t\t\t\t\t\t\tContr\u00f4le des passagers\t\t\t\t\t\t\t\t\t\t\t<\/div>\r\n\t\t\t\t\t\t\t\t\t\t<\/div>\r\n\t\t\t\t\t\t\t\t\t\t\t\t\t\t\t\t\t\t<div class=\"cl-4\">\r\n\t\t\t\t\t\t\t\t\t\t\t<div class=\"list-item\">\r\n\t\t\t\t\t\t\t\t\t\t\t\tD\u00e9tecteurs de m\u00e9taux\t\t\t\t\t\t\t\t\t\t\t<\/div>\r\n\t\t\t\t\t\t\t\t\t\t<\/div>\r\n\t\t\t\t\t\t\t\t\t\t\t\t\t\t\t\t\t\t<div class=\"cl-4\">\r\n\t\t\t\t\t\t\t\t\t\t\t<div class=\"list-item\">\r\n\t\t\t\t\t\t\t\t\t\t\t\tDouanes\t\t\t\t\t\t\t\t\t\t\t<\/div>\r\n\t\t\t\t\t\t\t\t\t\t<\/div>\r\n\t\t\t\t\t\t\t\t\t\t\t\t\t\t\t\t\t\t<div class=\"cl-4\">\r\n\t\t\t\t\t\t\t\t\t\t\t<div class=\"list-item\">\r\n\t\t\t\t\t\t\t\t\t\t\t\tEnregistrement\t\t\t\t\t\t\t\t\t\t\t<\/div>\r\n\t\t\t\t\t\t\t\t\t\t<\/div>\r\n\t\t\t\t\t\t\t\t\t\t\t\t\t\t\t\t\t\t<div class=\"cl-4\">\r\n\t\t\t\t\t\t\t\t\t\t\t<div class=\"list-item\">\r\n\t\t\t\t\t\t\t\t\t\t\t\tISPS\t\t\t\t\t\t\t\t\t\t\t<\/div>\r\n\t\t\t\t\t\t\t\t\t\t<\/div>\r\n\t\t\t\t\t\t\t\t\t\t\t\t\t\t\t\t\t\t<div class=\"cl-4\">\r\n\t\t\t\t\t\t\t\t\t\t\t<div class=\"list-item\">\r\n\t\t\t\t\t\t\t\t\t\t\t\tManipulation des lignes\t\t\t\t\t\t\t\t\t\t\t<\/div>\r\n\t\t\t\t\t\t\t\t\t\t<\/div>\r\n\t\t\t\t\t\t\t\t\t\t\t\t\t\t\t\t\t\t<div class=\"cl-4\">\r\n\t\t\t\t\t\t\t\t\t\t\t<div class=\"list-item\">\r\n\t\t\t\t\t\t\t\t\t\t\t\tMARPOL\t\t\t\t\t\t\t\t\t\t\t<\/div>\r\n\t\t\t\t\t\t\t\t\t\t<\/div>\r\n\t\t\t\t\t\t\t\t\t\t\t\t\t\t\t\t\t\t<div class=\"cl-4\">\r\n\t\t\t\t\t\t\t\t\t\t\t<div class=\"list-item\">\r\n\t\t\t\t\t\t\t\t\t\t\t\tMobilit\u00e9 des passagers\t\t\t\t\t\t\t\t\t\t\t<\/div>\r\n\t\t\t\t\t\t\t\t\t\t<\/div>\r\n\t\t\t\t\t\t\t\t\t\t\t\t\t\t\t<\/div>\r\n\t\t\t\t\t\t<\/div>\r\n\r\n\t\t\t\t\t\t<div class=\"row flex justify-c-end accordion-services-all\">\r\n\t\t\t\t\t\t\t<a href=\"https:\/\/lagoulettecruiseport.com\/fr\/services-home\/services-portuaires\" class=\"cta primary-color\">\r\n\t\t\t\t\t\t\t\tTOUT Services Portuaires\r\n\t\t\t\t\t\t\t\t<svg xmlns=\"http:\/\/www.w3.org\/2000\/svg\" width=\"12.828\" height=\"12.829\" viewBox=\"0 0 12.828 12.829\">\r\n\t\t\t\t\t\t\t\t\t<g id=\"Icon_feather-arrow-up-right\" data-name=\"Icon feather-arrow-up-right\" transform=\"translate(-9.086 -9.086)\">\r\n\t\t\t\t\t\t\t\t\t\t<path id=\"Path_3\" data-name=\"Path 3\" d=\"M10.5,20.5l10-10\" fill=\"none\" class=\"primary-stroke\" stroke-linecap=\"round\" stroke-linejoin=\"round\" stroke-width=\"2\"><\/path>\r\n\t\t\t\t\t\t\t\t\t\t<path id=\"Path_4\" data-name=\"Path 4\" d=\"M10.5,10.5h10v10\" fill=\"none\" class=\"primary-stroke\" stroke-linecap=\"round\" stroke-linejoin=\"round\" stroke-width=\"2\"><\/path>\r\n\t\t\t\t\t\t\t\t\t<\/g>\r\n\t\t\t\t\t\t\t\t<\/svg>\r\n\t\t\t\t\t\t\t<\/a>\r\n\t\t\t\t\t\t<\/div>\r\n\r\n\t\t\t\t\t<\/div>\r\n\t\t\t\t\t\t\t<\/div>\r\n\t\t<\/div>\r\n\t<\/div>\r\n<\/section>","protected":false},"excerpt":{"rendered":"","protected":false},"author":1,"featured_media":0,"parent":6344,"menu_order":41,"comment_status":"closed","ping_status":"closed","template":"","meta":{"_acf_changed":false,"footnotes":""},"class_list":["post-6354","page","type-page","status-publish","hentry"],"acf":[],"_links":{"self":[{"href":"https:\/\/lagoulettecruiseport.com\/fr\/wp-json\/wp\/v2\/pages\/6354","targetHints":{"allow":["GET"]}}],"collection":[{"href":"https:\/\/lagoulettecruiseport.com\/fr\/wp-json\/wp\/v2\/pages"}],"about":[{"href":"https:\/\/lagoulettecruiseport.com\/fr\/wp-json\/wp\/v2\/types\/page"}],"author":[{"embeddable":true,"href":"https:\/\/lagoulettecruiseport.com\/fr\/wp-json\/wp\/v2\/users\/1"}],"replies":[{"embeddable":true,"href":"https:\/\/lagoulettecruiseport.com\/fr\/wp-json\/wp\/v2\/comments?post=6354"}],"version-history":[{"count":3,"href":"https:\/\/lagoulettecruiseport.com\/fr\/wp-json\/wp\/v2\/pages\/6354\/revisions"}],"predecessor-version":[{"id":7754,"href":"https:\/\/lagoulettecruiseport.com\/fr\/wp-json\/wp\/v2\/pages\/6354\/revisions\/7754"}],"up":[{"embeddable":true,"href":"https:\/\/lagoulettecruiseport.com\/fr\/wp-json\/wp\/v2\/pages\/6344"}],"wp:attachment":[{"href":"https:\/\/lagoulettecruiseport.com\/fr\/wp-json\/wp\/v2\/media?parent=6354"}],"curies":[{"name":"wp","href":"https:\/\/api.w.org\/{rel}","templated":true}]}}